{"id":592,"date":"2023-09-19T13:18:50","date_gmt":"2023-09-19T13:18:50","guid":{"rendered":"https:\/\/g5transports.ma\/?page_id=592"},"modified":"2023-09-21T09:01:51","modified_gmt":"2023-09-21T09:01:51","slug":"transport-international","status":"publish","type":"page","link":"https:\/\/g5transports.ma\/?page_id=592","title":{"rendered":"Transport International"},"content":{"rendered":"\n<p class=\"gutenify-section-f0915bc0-56ed-11ee-af3d-332229947fae gtfy-1\"><\/p>\n\n\n\n<h1 class=\"wp-block-heading has-text-align-center gutenify-section-f4fe52d0-56ed-11ee-af3d-332229947fae gtfy-4\">Transport International<\/h1>\n\n\n\n<hr class=\"wp-block-separator has-alpha-channel-opacity is-style-dots gutenify-section-0276f660-56ee-11ee-af3d-332229947fae gtfy-7\"\/>\n\n\n\n<h3 class=\"wp-block-heading gutenify-section-34a4ba00-56ee-11ee-af3d-332229947fae gtfy-10\">Le sp\u00e9cialiste du transport international<\/h3>\n\n\n\n<div class=\"wp-block-media-text is-stacked-on-mobile gutenify-section-06df80a0-56ee-11ee-af3d-332229947fae gtfy-15\" style=\"grid-template-columns:42% auto\"><figure class=\"wp-block-media-text__media\"><img fetchpriority=\"high\" decoding=\"async\" width=\"400\" height=\"400\" src=\"https:\/\/g5transports.ma\/wp-content\/uploads\/2019\/04\/3col-9.jpg\" alt=\"\" class=\"wp-image-278 size-full\" srcset=\"https:\/\/g5transports.ma\/wp-content\/uploads\/2019\/04\/3col-9.jpg 400w, https:\/\/g5transports.ma\/wp-content\/uploads\/2019\/04\/3col-9-300x300.jpg 300w, https:\/\/g5transports.ma\/wp-content\/uploads\/2019\/04\/3col-9-150x150.jpg 150w\" sizes=\"(max-width: 400px) 100vw, 400px\" \/><\/figure><div class=\"wp-block-media-text__content\">\n<p class=\"gutenify-section-15618720-585d-11ee-a0db-75178fdf64ea gtfy-13\">G5 Transports met \u00e0 votre disposition son expertise et son exp\u00e9rience dans le domaine du transport routier international afin de r\u00e9pondre efficacement \u00e0 toutes vos requ\u00eates. Nous sommes comp\u00e9tents pour g\u00e9rer vos flux logistiques internationaux en utilisant divers modes de transport, notamment routier, maritime et a\u00e9rien.<\/p>\n\n\n\n<p class=\"gutenify-section-156382f0-585d-11ee-a0db-75178fdf64ea gtfy-14\">Notre entreprise s&rsquo;est impos\u00e9e comme un acteur essentiel gr\u00e2ce \u00e0 la fiabilit\u00e9 de son r\u00e9seau pour toutes vos exp\u00e9ditions internationales, avec pour priorit\u00e9 absolue la satisfaction de nos clients. Nous disposons d&rsquo;une flotte de v\u00e9hicules compl\u00e8te pour r\u00e9pondre \u00e0 l&rsquo;ensemble de vos besoins en transport.<\/p>\n<\/div><\/div>\n\n\n\n<hr class=\"wp-block-separator has-alpha-channel-opacity gutenify-section-6fd836b0-56ee-11ee-af3d-332229947fae gtfy-18\"\/>\n\n\n\n<h3 class=\"wp-block-heading gutenify-section-7da514c0-56ee-11ee-af3d-332229947fae gtfy-21\"><strong>Les \u00e9l\u00e9ments cl\u00e9s de notre succ\u00e8s dans le transport routier international<\/strong><\/h3>\n\n\n\n<ul class=\"gutenify-section-aea5f120-56ee-11ee-af3d-332229947fae wp-block-list gtfy-26\">\n<li class=\"gutenify-section-af601960-56ee-11ee-af3d-332229947fae gtfy-24 gutenify-list-item\">Diversit\u00e9 de notre flotte pour satisfaire vos besoins particuliers en mati\u00e8re de v\u00e9hicules..<\/li>\n\n\n\n<li class=\"gutenify-section-af628a60-56ee-11ee-af3d-332229947fae gtfy-25 gutenify-list-item\">Suivi en temps r\u00e9el de vos marchandises gr\u00e2ce \u00e0 notre syst\u00e8me de tra\u00e7abilit\u00e9 int\u00e9gr\u00e9 \u00e0 nos v\u00e9hicules..<\/li>\n<\/ul>\n\n\n\n<p class=\"has-text-align-center gutenify-section-d4412b70-56ee-11ee-af3d-332229947fae gtfy-29\"><mark style=\"background-color:rgba(0, 0, 0, 0)\" class=\"has-inline-color has-foreground-color\"><strong>Pour tous vos besoins en transport international, G5 Transports mobilise tous ses moyens pour r\u00e9pondre \u00e0 vos exigences et combler vos demandes. Que ce soit une simple palette, une pi\u00e8ce industrielle ou une charge compl\u00e8te, quelle que soit la nature de votre colis, nous vous proposons une solution pour une livraison fiable et rapide.<\/strong><\/mark><\/p>\n","protected":false},"excerpt":{"rendered":"<p>Transport International Le sp\u00e9cialiste du transport international G5 Transports met \u00e0 votre disposition son expertise [&hellip;]<\/p>\n","protected":false},"author":1,"featured_media":0,"parent":0,"menu_order":0,"comment_status":"closed","ping_status":"closed","template":"","meta":{"footnotes":""},"class_list":["post-592","page","type-page","status-publish","hentry"],"yoast_head":"<!-- This site is optimized with the Yoast SEO plugin v27.4 - https:\/\/yoast.com\/product\/yoast-seo-wordpress\/ -->\n<title>Transport International - G5 Transports<\/title>\n<meta name=\"robots\" content=\"index, follow, max-snippet:-1, max-image-preview:large, max-video-preview:-1\" \/>\n<link rel=\"canonical\" href=\"https:\/\/g5transports.ma\/?page_id=592\" \/>\n<meta property=\"og:locale\" content=\"fr_FR\" \/>\n<meta property=\"og:type\" content=\"article\" \/>\n<meta property=\"og:title\" content=\"Transport International - G5 Transports\" \/>\n<meta property=\"og:description\" content=\"Transport International Le sp\u00e9cialiste du transport international G5 Transports met \u00e0 votre disposition son expertise [&hellip;]\" \/>\n<meta property=\"og:url\" content=\"https:\/\/g5transports.ma\/?page_id=592\" \/>\n<meta property=\"og:site_name\" content=\"G5 Transports\" \/>\n<meta property=\"article:modified_time\" content=\"2023-09-21T09:01:51+00:00\" \/>\n<meta name=\"twitter:card\" content=\"summary_large_image\" \/>\n<meta name=\"twitter:label1\" content=\"Dur\u00e9e de lecture estim\u00e9e\" \/>\n\t<meta name=\"twitter:data1\" content=\"1 minute\" \/>\n<script type=\"application\/ld+json\" class=\"yoast-schema-graph\">{\"@context\":\"https:\\\/\\\/schema.org\",\"@graph\":[{\"@type\":\"WebPage\",\"@id\":\"https:\\\/\\\/g5transports.ma\\\/?page_id=592\",\"url\":\"https:\\\/\\\/g5transports.ma\\\/?page_id=592\",\"name\":\"Transport International - G5 Transports\",\"isPartOf\":{\"@id\":\"https:\\\/\\\/g5transports.ma\\\/#website\"},\"primaryImageOfPage\":{\"@id\":\"https:\\\/\\\/g5transports.ma\\\/?page_id=592#primaryimage\"},\"image\":{\"@id\":\"https:\\\/\\\/g5transports.ma\\\/?page_id=592#primaryimage\"},\"thumbnailUrl\":\"https:\\\/\\\/g5transports.ma\\\/wp-content\\\/uploads\\\/2019\\\/04\\\/3col-9.jpg\",\"datePublished\":\"2023-09-19T13:18:50+00:00\",\"dateModified\":\"2023-09-21T09:01:51+00:00\",\"breadcrumb\":{\"@id\":\"https:\\\/\\\/g5transports.ma\\\/?page_id=592#breadcrumb\"},\"inLanguage\":\"fr-FR\",\"potentialAction\":[{\"@type\":\"ReadAction\",\"target\":[\"https:\\\/\\\/g5transports.ma\\\/?page_id=592\"]}]},{\"@type\":\"ImageObject\",\"inLanguage\":\"fr-FR\",\"@id\":\"https:\\\/\\\/g5transports.ma\\\/?page_id=592#primaryimage\",\"url\":\"https:\\\/\\\/g5transports.ma\\\/wp-content\\\/uploads\\\/2019\\\/04\\\/3col-9.jpg\",\"contentUrl\":\"https:\\\/\\\/g5transports.ma\\\/wp-content\\\/uploads\\\/2019\\\/04\\\/3col-9.jpg\",\"width\":400,\"height\":400},{\"@type\":\"BreadcrumbList\",\"@id\":\"https:\\\/\\\/g5transports.ma\\\/?page_id=592#breadcrumb\",\"itemListElement\":[{\"@type\":\"ListItem\",\"position\":1,\"name\":\"Accueil\",\"item\":\"https:\\\/\\\/g5transports.ma\\\/\"},{\"@type\":\"ListItem\",\"position\":2,\"name\":\"Transport International\"}]},{\"@type\":\"WebSite\",\"@id\":\"https:\\\/\\\/g5transports.ma\\\/#website\",\"url\":\"https:\\\/\\\/g5transports.ma\\\/\",\"name\":\"G5 Transports\",\"description\":\"La solution pour le transport routier de vos marchandises.\",\"publisher\":{\"@id\":\"https:\\\/\\\/g5transports.ma\\\/#organization\"},\"potentialAction\":[{\"@type\":\"SearchAction\",\"target\":{\"@type\":\"EntryPoint\",\"urlTemplate\":\"https:\\\/\\\/g5transports.ma\\\/?s={search_term_string}\"},\"query-input\":{\"@type\":\"PropertyValueSpecification\",\"valueRequired\":true,\"valueName\":\"search_term_string\"}}],\"inLanguage\":\"fr-FR\"},{\"@type\":\"Organization\",\"@id\":\"https:\\\/\\\/g5transports.ma\\\/#organization\",\"name\":\"G5 Transports\",\"url\":\"https:\\\/\\\/g5transports.ma\\\/\",\"logo\":{\"@type\":\"ImageObject\",\"inLanguage\":\"fr-FR\",\"@id\":\"https:\\\/\\\/g5transports.ma\\\/#\\\/schema\\\/logo\\\/image\\\/\",\"url\":\"https:\\\/\\\/g5transports.ma\\\/wp-content\\\/uploads\\\/2023\\\/09\\\/Logo-1-1.jpg\",\"contentUrl\":\"https:\\\/\\\/g5transports.ma\\\/wp-content\\\/uploads\\\/2023\\\/09\\\/Logo-1-1.jpg\",\"width\":2000,\"height\":1500,\"caption\":\"G5 Transports\"},\"image\":{\"@id\":\"https:\\\/\\\/g5transports.ma\\\/#\\\/schema\\\/logo\\\/image\\\/\"}}]}<\/script>\n<!-- \/ Yoast SEO plugin. -->","yoast_head_json":{"title":"Transport International - G5 Transports","robots":{"index":"index","follow":"follow","max-snippet":"max-snippet:-1","max-image-preview":"max-image-preview:large","max-video-preview":"max-video-preview:-1"},"canonical":"https:\/\/g5transports.ma\/?page_id=592","og_locale":"fr_FR","og_type":"article","og_title":"Transport International - G5 Transports","og_description":"Transport International Le sp\u00e9cialiste du transport international G5 Transports met \u00e0 votre disposition son expertise [&hellip;]","og_url":"https:\/\/g5transports.ma\/?page_id=592","og_site_name":"G5 Transports","article_modified_time":"2023-09-21T09:01:51+00:00","twitter_card":"summary_large_image","twitter_misc":{"Dur\u00e9e de lecture estim\u00e9e":"1 minute"},"schema":{"@context":"https:\/\/schema.org","@graph":[{"@type":"WebPage","@id":"https:\/\/g5transports.ma\/?page_id=592","url":"https:\/\/g5transports.ma\/?page_id=592","name":"Transport International - G5 Transports","isPartOf":{"@id":"https:\/\/g5transports.ma\/#website"},"primaryImageOfPage":{"@id":"https:\/\/g5transports.ma\/?page_id=592#primaryimage"},"image":{"@id":"https:\/\/g5transports.ma\/?page_id=592#primaryimage"},"thumbnailUrl":"https:\/\/g5transports.ma\/wp-content\/uploads\/2019\/04\/3col-9.jpg","datePublished":"2023-09-19T13:18:50+00:00","dateModified":"2023-09-21T09:01:51+00:00","breadcrumb":{"@id":"https:\/\/g5transports.ma\/?page_id=592#breadcrumb"},"inLanguage":"fr-FR","potentialAction":[{"@type":"ReadAction","target":["https:\/\/g5transports.ma\/?page_id=592"]}]},{"@type":"ImageObject","inLanguage":"fr-FR","@id":"https:\/\/g5transports.ma\/?page_id=592#primaryimage","url":"https:\/\/g5transports.ma\/wp-content\/uploads\/2019\/04\/3col-9.jpg","contentUrl":"https:\/\/g5transports.ma\/wp-content\/uploads\/2019\/04\/3col-9.jpg","width":400,"height":400},{"@type":"BreadcrumbList","@id":"https:\/\/g5transports.ma\/?page_id=592#breadcrumb","itemListElement":[{"@type":"ListItem","position":1,"name":"Accueil","item":"https:\/\/g5transports.ma\/"},{"@type":"ListItem","position":2,"name":"Transport International"}]},{"@type":"WebSite","@id":"https:\/\/g5transports.ma\/#website","url":"https:\/\/g5transports.ma\/","name":"G5 Transports","description":"La solution pour le transport routier de vos marchandises.","publisher":{"@id":"https:\/\/g5transports.ma\/#organization"},"potentialAction":[{"@type":"SearchAction","target":{"@type":"EntryPoint","urlTemplate":"https:\/\/g5transports.ma\/?s={search_term_string}"},"query-input":{"@type":"PropertyValueSpecification","valueRequired":true,"valueName":"search_term_string"}}],"inLanguage":"fr-FR"},{"@type":"Organization","@id":"https:\/\/g5transports.ma\/#organization","name":"G5 Transports","url":"https:\/\/g5transports.ma\/","logo":{"@type":"ImageObject","inLanguage":"fr-FR","@id":"https:\/\/g5transports.ma\/#\/schema\/logo\/image\/","url":"https:\/\/g5transports.ma\/wp-content\/uploads\/2023\/09\/Logo-1-1.jpg","contentUrl":"https:\/\/g5transports.ma\/wp-content\/uploads\/2023\/09\/Logo-1-1.jpg","width":2000,"height":1500,"caption":"G5 Transports"},"image":{"@id":"https:\/\/g5transports.ma\/#\/schema\/logo\/image\/"}}]}},"amp_enabled":true,"_links":{"self":[{"href":"https:\/\/g5transports.ma\/index.php?rest_route=\/wp\/v2\/pages\/592","targetHints":{"allow":["GET"]}}],"collection":[{"href":"https:\/\/g5transports.ma\/index.php?rest_route=\/wp\/v2\/pages"}],"about":[{"href":"https:\/\/g5transports.ma\/index.php?rest_route=\/wp\/v2\/types\/page"}],"author":[{"embeddable":true,"href":"https:\/\/g5transports.ma\/index.php?rest_route=\/wp\/v2\/users\/1"}],"replies":[{"embeddable":true,"href":"https:\/\/g5transports.ma\/index.php?rest_route=%2Fwp%2Fv2%2Fcomments&post=592"}],"version-history":[{"count":3,"href":"https:\/\/g5transports.ma\/index.php?rest_route=\/wp\/v2\/pages\/592\/revisions"}],"predecessor-version":[{"id":742,"href":"https:\/\/g5transports.ma\/index.php?rest_route=\/wp\/v2\/pages\/592\/revisions\/742"}],"wp:attachment":[{"href":"https:\/\/g5transports.ma\/index.php?rest_route=%2Fwp%2Fv2%2Fmedia&parent=592"}],"curies":[{"name":"wp","href":"https:\/\/api.w.org\/{rel}","templated":true}]}}