{"id":594,"date":"2023-09-19T09:32:06","date_gmt":"2023-09-19T09:32:06","guid":{"rendered":"https:\/\/g5transports.ma\/?page_id=594"},"modified":"2023-09-21T10:11:10","modified_gmt":"2023-09-21T10:11:10","slug":"camion-frigorifique","status":"publish","type":"page","link":"https:\/\/g5transports.ma\/?page_id=594","title":{"rendered":"Camion Frigorifique"},"content":{"rendered":"\n<h1 class=\"wp-block-heading has-text-align-center gutenify-section-17811aa0-56cf-11ee-8c7c-71b68ce78edc gtfy-1\">Camion Frigorifique<\/h1>\n\n\n\n<hr class=\"wp-block-separator has-alpha-channel-opacity is-style-dots gutenify-section-16b94280-56ea-11ee-8524-eb479bcbf3d7 gtfy-4\"\/>\n\n\n\n<p class=\"gutenify-section-32015070-56cf-11ee-8c7c-71b68ce78edc gtfy-7\">   <\/p>\n\n\n\n<p class=\"gutenify-section-32957a20-56cf-11ee-8c7c-71b68ce78edc gtfy-10\">   <\/p>\n\n\n\n<h2 class=\"wp-block-heading gutenify-section-0ae88290-56ea-11ee-8524-eb479bcbf3d7 gtfy-13\">Indispensable pour le transport de vos produits p\u00e9rissables<\/h2>\n\n\n\n<div class=\"wp-block-media-text is-stacked-on-mobile gutenify-section-26b18050-56cf-11ee-8c7c-71b68ce78edc gtfy-17\" style=\"grid-template-columns:42% auto\"><figure class=\"wp-block-media-text__media\"><img fetchpriority=\"high\" decoding=\"async\" width=\"400\" height=\"400\" src=\"https:\/\/g5transports.ma\/wp-content\/uploads\/2019\/04\/3col-5.jpg\" alt=\"\" class=\"wp-image-274 size-full\" srcset=\"https:\/\/g5transports.ma\/wp-content\/uploads\/2019\/04\/3col-5.jpg 400w, https:\/\/g5transports.ma\/wp-content\/uploads\/2019\/04\/3col-5-300x300.jpg 300w, https:\/\/g5transports.ma\/wp-content\/uploads\/2019\/04\/3col-5-150x150.jpg 150w\" sizes=\"(max-width: 400px) 100vw, 400px\" \/><\/figure><div class=\"wp-block-media-text__content\">\n<p class=\"gutenify-section-4b3186a0-56cf-11ee-8c7c-71b68ce78edc gtfy-16\">Le camion frigorifique est dot\u00e9 d&rsquo;un groupe frigorifique, un dispositif qui g\u00e9n\u00e8re du froid \u00e0 l&rsquo;int\u00e9rieur de sa remorque isotherme. La temp\u00e9rature est ajust\u00e9e en fonction des produits transport\u00e9s et des r\u00e8glements en vigueur. Ce syst\u00e8me permet de pr\u00e9d\u00e9finir la temp\u00e9rature requise, et dans certains cas, le transporteur peut fournir une attestation au client, d\u00e9taillant la courbe de temp\u00e9rature pendant le transport.<\/p>\n<\/div><\/div>\n\n\n\n<hr class=\"wp-block-separator has-alpha-channel-opacity gutenify-section-517d28c0-56cf-11ee-8c7c-71b68ce78edc gtfy-20\"\/>\n\n\n\n<h2 class=\"wp-block-heading gutenify-section-57dc2bd0-56cf-11ee-8c7c-71b68ce78edc gtfy-23\">Les avantages du camion frigorifique<\/h2>\n\n\n\n<ul class=\"gutenify-section-57de27a0-56cf-11ee-8c7c-71b68ce78edc wp-block-list gtfy-30\">\n<li class=\"gutenify-section-5ce255a0-56cf-11ee-8c7c-71b68ce78edc gtfy-26 gutenify-list-item\">Il facilite le transport de produits p\u00e9rissables et de m\u00e9dicaments sp\u00e9cifiques.<\/li>\n\n\n\n<li class=\"gutenify-section-5ce318f0-56cf-11ee-8c7c-71b68ce78edc gtfy-27 gutenify-list-item\">Il maintient son efficacit\u00e9, m\u00eame par temps extr\u00eamement chaud.<\/li>\n\n\n\n<li class=\"gutenify-section-5ce3dc40-56cf-11ee-8c7c-71b68ce78edc gtfy-28 gutenify-list-item\">Il joue un r\u00f4le crucial dans le maintien de la cha\u00eene du froid.<\/li>\n\n\n\n<li class=\"gutenify-section-5ce4c6a0-56cf-11ee-8c7c-71b68ce78edc gtfy-29 gutenify-list-item\">Il est dot\u00e9 de syst\u00e8mes de suivi extr\u00eamement fiables pour une utilisation simplifi\u00e9e.<\/li>\n<\/ul>\n\n\n\n<hr class=\"wp-block-separator has-alpha-channel-opacity is-style-default gutenify-section-23daa690-5864-11ee-8c52-0b498ab4dd0c gtfy-33\"\/>\n\n\n\n<div class=\"wp-block-media-text is-stacked-on-mobile gutenify-section-1dc22cf0-5865-11ee-ad9c-8fc783a3631f gtfy-38\"><figure class=\"wp-block-media-text__media\"><img decoding=\"async\" width=\"392\" height=\"260\" src=\"https:\/\/g5transports.ma\/wp-content\/uploads\/2023\/09\/Capture-de\u0301cran-2023-09-21-a\u0300-11.59.19.png\" alt=\"\" class=\"wp-image-749 size-full\" srcset=\"https:\/\/g5transports.ma\/wp-content\/uploads\/2023\/09\/Capture-de\u0301cran-2023-09-21-a\u0300-11.59.19.png 392w, https:\/\/g5transports.ma\/wp-content\/uploads\/2023\/09\/Capture-de\u0301cran-2023-09-21-a\u0300-11.59.19-300x199.png 300w\" sizes=\"(max-width: 392px) 100vw, 392px\" \/><\/figure><div class=\"wp-block-media-text__content\">\n<p class=\"gutenify-section-1de0d880-5865-11ee-ad9c-8fc783a3631f gtfy-36\"><em>En raison de leur nature potentiellement dangereuse ou \u00e9volutive, comme les produits nocifs ou les pr\u00e9parations pharmaceutiques, certaines marchandises requi\u00e8rent l&rsquo;expertise d&rsquo;un transporteur certifi\u00e9 pour leur d\u00e9placement. Nos \u00e9quipes sont comp\u00e9tentes pour vous assister de mani\u00e8re efficace, en incluant \u00e9galement dans votre plan de transport les proc\u00e9dures douani\u00e8res, les certificats sanitaires et les d\u00e9clarations relatives aux marchandises dangereuses.<\/em><\/p>\n\n\n\n<div style=\"height:100px\" aria-hidden=\"true\" class=\"wp-block-spacer gutenify-section-c55d95d0-5865-11ee-ad9c-8fc783a3631f gtfy-37\"><\/div>\n<\/div><\/div>\n\n\n\n<h3 class=\"wp-block-heading gutenify-section-c8f42a10-5865-11ee-ad9c-8fc783a3631f gtfy-41\"><strong>Nous respectons les consignes de temp\u00e9ratures<\/strong><\/h3>\n\n\n\n<ul class=\"gutenify-section-fadf8d80-5865-11ee-ad9c-8fc783a3631f wp-block-list gtfy-52\">\n<li class=\"gutenify-section-0dbf1880-5866-11ee-ad9c-8fc783a3631f gtfy-44 gutenify-list-item\">Froid n\u00e9gatif (congel\u00e9s)<\/li>\n\n\n\n<li class=\"gutenify-section-0dbfdbd0-5866-11ee-ad9c-8fc783a3631f gtfy-45 gutenify-list-item\">Froid positif (0 \u00e0 8 \u00b0 r\u00e9frig\u00e9r\u00e9s)<\/li>\n\n\n\n<li class=\"gutenify-section-0dc07810-5866-11ee-ad9c-8fc783a3631f gtfy-46 gutenify-list-item\">Temp\u00e9rature positive (produits dangereux)<\/li>\n\n\n\n<li class=\"gutenify-section-2e469470-5866-11ee-ad9c-8fc783a3631f gtfy-47 gutenify-list-item\">Bi temp\u00e9ratures<\/li>\n\n\n\n<li class=\"gutenify-section-2e7c2360-5866-11ee-ad9c-8fc783a3631f gtfy-48 gutenify-list-item\">Gain de temps<\/li>\n\n\n\n<li class=\"gutenify-section-2e7ce6b0-5866-11ee-ad9c-8fc783a3631f gtfy-49 gutenify-list-item\">Respect des d\u00e9lais<\/li>\n\n\n\n<li class=\"gutenify-section-2e7daa00-5866-11ee-ad9c-8fc783a3631f gtfy-50 gutenify-list-item\">Respect des r\u00e9glementations<\/li>\n\n\n\n<li class=\"gutenify-section-2e7f30a0-5866-11ee-ad9c-8fc783a3631f gtfy-51 gutenify-list-item\">Documentation de transport dangereux<\/li>\n<\/ul>\n\n\n\n<p class=\"has-text-align-center gutenify-section-18900690-5864-11ee-8c52-0b498ab4dd0c gtfy-55\"><strong><mark style=\"background-color:rgba(0, 0, 0, 0)\" class=\"has-inline-color has-foreground-color\">L&rsquo;\u00e9quipe G5 Transports s&rsquo;engage pleinement \u00e0 respecter les normes actuelles en mati\u00e8re d&rsquo;hygi\u00e8ne sanitaire et de s\u00e9curit\u00e9, en mettant en \u0153uvre toutes les mesures n\u00e9cessaires pour garantir l&rsquo;int\u00e9grit\u00e9 des produits transport\u00e9s. Nos conseillers sont disponibles pour vous orienter et organiser le transport de votre marchandise sans interruption.&nbsp;Quels que soient les produits, nous assurons l&rsquo;exp\u00e9dition de votre fret sous temp\u00e9rature contr\u00f4l\u00e9e, qu&rsquo;il n\u00e9cessite un environnement frais ou cong\u00e9lateur, gr\u00e2ce \u00e0 une flotte sp\u00e9cialement con\u00e7ue pour les transferts d\u00e9licats.<\/mark><\/strong><\/p>\n","protected":false},"excerpt":{"rendered":"<p>Camion Frigorifique Indispensable pour le transport de vos produits p\u00e9rissables Le camion frigorifique est dot\u00e9 [&hellip;]<\/p>\n","protected":false},"author":1,"featured_media":0,"parent":0,"menu_order":0,"comment_status":"closed","ping_status":"closed","template":"","meta":{"footnotes":""},"class_list":["post-594","page","type-page","status-publish","hentry"],"yoast_head":"<!-- This site is optimized with the Yoast SEO plugin v27.4 - https:\/\/yoast.com\/product\/yoast-seo-wordpress\/ -->\n<title>Camion Frigorifique Transport Maroc - G5 Transports<\/title>\n<meta name=\"description\" content=\"Le camion frigorifique est pourvu d\u2019un syst\u00e8me de r\u00e9frig\u00e9ration qui permet de refroidir sa remorque isotherme.\" \/>\n<meta name=\"robots\" content=\"index, follow, max-snippet:-1, max-image-preview:large, max-video-preview:-1\" \/>\n<link rel=\"canonical\" href=\"https:\/\/g5transports.ma\/?page_id=594\" \/>\n<meta property=\"og:locale\" content=\"fr_FR\" \/>\n<meta property=\"og:type\" content=\"article\" \/>\n<meta property=\"og:title\" content=\"Camion Frigorifique Transport Maroc - G5 Transports\" \/>\n<meta property=\"og:description\" content=\"Le camion frigorifique est pourvu d\u2019un syst\u00e8me de r\u00e9frig\u00e9ration qui permet de refroidir sa remorque isotherme.\" \/>\n<meta property=\"og:url\" content=\"https:\/\/g5transports.ma\/?page_id=594\" \/>\n<meta property=\"og:site_name\" content=\"G5 Transports\" \/>\n<meta property=\"article:modified_time\" content=\"2023-09-21T10:11:10+00:00\" \/>\n<meta property=\"og:image\" content=\"https:\/\/g5transports.ma\/wp-content\/uploads\/2019\/04\/3col-5.jpg\" \/>\n<meta name=\"twitter:card\" content=\"summary_large_image\" \/>\n<meta name=\"twitter:label1\" content=\"Dur\u00e9e de lecture estim\u00e9e\" \/>\n\t<meta name=\"twitter:data1\" content=\"2 minutes\" \/>\n<script type=\"application\/ld+json\" class=\"yoast-schema-graph\">{\"@context\":\"https:\\\/\\\/schema.org\",\"@graph\":[{\"@type\":\"WebPage\",\"@id\":\"https:\\\/\\\/g5transports.ma\\\/?page_id=594\",\"url\":\"https:\\\/\\\/g5transports.ma\\\/?page_id=594\",\"name\":\"Camion Frigorifique Transport Maroc - G5 Transports\",\"isPartOf\":{\"@id\":\"https:\\\/\\\/g5transports.ma\\\/#website\"},\"primaryImageOfPage\":{\"@id\":\"https:\\\/\\\/g5transports.ma\\\/?page_id=594#primaryimage\"},\"image\":{\"@id\":\"https:\\\/\\\/g5transports.ma\\\/?page_id=594#primaryimage\"},\"thumbnailUrl\":\"https:\\\/\\\/g5transports.ma\\\/wp-content\\\/uploads\\\/2019\\\/04\\\/3col-5.jpg\",\"datePublished\":\"2023-09-19T09:32:06+00:00\",\"dateModified\":\"2023-09-21T10:11:10+00:00\",\"description\":\"Le camion frigorifique est pourvu d\u2019un syst\u00e8me de r\u00e9frig\u00e9ration qui permet de refroidir sa remorque isotherme.\",\"breadcrumb\":{\"@id\":\"https:\\\/\\\/g5transports.ma\\\/?page_id=594#breadcrumb\"},\"inLanguage\":\"fr-FR\",\"potentialAction\":[{\"@type\":\"ReadAction\",\"target\":[\"https:\\\/\\\/g5transports.ma\\\/?page_id=594\"]}]},{\"@type\":\"ImageObject\",\"inLanguage\":\"fr-FR\",\"@id\":\"https:\\\/\\\/g5transports.ma\\\/?page_id=594#primaryimage\",\"url\":\"https:\\\/\\\/g5transports.ma\\\/wp-content\\\/uploads\\\/2019\\\/04\\\/3col-5.jpg\",\"contentUrl\":\"https:\\\/\\\/g5transports.ma\\\/wp-content\\\/uploads\\\/2019\\\/04\\\/3col-5.jpg\",\"width\":400,\"height\":400},{\"@type\":\"BreadcrumbList\",\"@id\":\"https:\\\/\\\/g5transports.ma\\\/?page_id=594#breadcrumb\",\"itemListElement\":[{\"@type\":\"ListItem\",\"position\":1,\"name\":\"Accueil\",\"item\":\"https:\\\/\\\/g5transports.ma\\\/\"},{\"@type\":\"ListItem\",\"position\":2,\"name\":\"Camion Frigorifique\"}]},{\"@type\":\"WebSite\",\"@id\":\"https:\\\/\\\/g5transports.ma\\\/#website\",\"url\":\"https:\\\/\\\/g5transports.ma\\\/\",\"name\":\"G5 Transports\",\"description\":\"La solution pour le transport routier de vos marchandises.\",\"publisher\":{\"@id\":\"https:\\\/\\\/g5transports.ma\\\/#organization\"},\"potentialAction\":[{\"@type\":\"SearchAction\",\"target\":{\"@type\":\"EntryPoint\",\"urlTemplate\":\"https:\\\/\\\/g5transports.ma\\\/?s={search_term_string}\"},\"query-input\":{\"@type\":\"PropertyValueSpecification\",\"valueRequired\":true,\"valueName\":\"search_term_string\"}}],\"inLanguage\":\"fr-FR\"},{\"@type\":\"Organization\",\"@id\":\"https:\\\/\\\/g5transports.ma\\\/#organization\",\"name\":\"G5 Transports\",\"url\":\"https:\\\/\\\/g5transports.ma\\\/\",\"logo\":{\"@type\":\"ImageObject\",\"inLanguage\":\"fr-FR\",\"@id\":\"https:\\\/\\\/g5transports.ma\\\/#\\\/schema\\\/logo\\\/image\\\/\",\"url\":\"https:\\\/\\\/g5transports.ma\\\/wp-content\\\/uploads\\\/2023\\\/09\\\/Logo-1-1.jpg\",\"contentUrl\":\"https:\\\/\\\/g5transports.ma\\\/wp-content\\\/uploads\\\/2023\\\/09\\\/Logo-1-1.jpg\",\"width\":2000,\"height\":1500,\"caption\":\"G5 Transports\"},\"image\":{\"@id\":\"https:\\\/\\\/g5transports.ma\\\/#\\\/schema\\\/logo\\\/image\\\/\"}}]}<\/script>\n<!-- \/ Yoast SEO plugin. -->","yoast_head_json":{"title":"Camion Frigorifique Transport Maroc - G5 Transports","description":"Le camion frigorifique est pourvu d\u2019un syst\u00e8me de r\u00e9frig\u00e9ration qui permet de refroidir sa remorque isotherme.","robots":{"index":"index","follow":"follow","max-snippet":"max-snippet:-1","max-image-preview":"max-image-preview:large","max-video-preview":"max-video-preview:-1"},"canonical":"https:\/\/g5transports.ma\/?page_id=594","og_locale":"fr_FR","og_type":"article","og_title":"Camion Frigorifique Transport Maroc - G5 Transports","og_description":"Le camion frigorifique est pourvu d\u2019un syst\u00e8me de r\u00e9frig\u00e9ration qui permet de refroidir sa remorque isotherme.","og_url":"https:\/\/g5transports.ma\/?page_id=594","og_site_name":"G5 Transports","article_modified_time":"2023-09-21T10:11:10+00:00","og_image":[{"url":"https:\/\/g5transports.ma\/wp-content\/uploads\/2019\/04\/3col-5.jpg","type":"","width":"","height":""}],"twitter_card":"summary_large_image","twitter_misc":{"Dur\u00e9e de lecture estim\u00e9e":"2 minutes"},"schema":{"@context":"https:\/\/schema.org","@graph":[{"@type":"WebPage","@id":"https:\/\/g5transports.ma\/?page_id=594","url":"https:\/\/g5transports.ma\/?page_id=594","name":"Camion Frigorifique Transport Maroc - G5 Transports","isPartOf":{"@id":"https:\/\/g5transports.ma\/#website"},"primaryImageOfPage":{"@id":"https:\/\/g5transports.ma\/?page_id=594#primaryimage"},"image":{"@id":"https:\/\/g5transports.ma\/?page_id=594#primaryimage"},"thumbnailUrl":"https:\/\/g5transports.ma\/wp-content\/uploads\/2019\/04\/3col-5.jpg","datePublished":"2023-09-19T09:32:06+00:00","dateModified":"2023-09-21T10:11:10+00:00","description":"Le camion frigorifique est pourvu d\u2019un syst\u00e8me de r\u00e9frig\u00e9ration qui permet de refroidir sa remorque isotherme.","breadcrumb":{"@id":"https:\/\/g5transports.ma\/?page_id=594#breadcrumb"},"inLanguage":"fr-FR","potentialAction":[{"@type":"ReadAction","target":["https:\/\/g5transports.ma\/?page_id=594"]}]},{"@type":"ImageObject","inLanguage":"fr-FR","@id":"https:\/\/g5transports.ma\/?page_id=594#primaryimage","url":"https:\/\/g5transports.ma\/wp-content\/uploads\/2019\/04\/3col-5.jpg","contentUrl":"https:\/\/g5transports.ma\/wp-content\/uploads\/2019\/04\/3col-5.jpg","width":400,"height":400},{"@type":"BreadcrumbList","@id":"https:\/\/g5transports.ma\/?page_id=594#breadcrumb","itemListElement":[{"@type":"ListItem","position":1,"name":"Accueil","item":"https:\/\/g5transports.ma\/"},{"@type":"ListItem","position":2,"name":"Camion Frigorifique"}]},{"@type":"WebSite","@id":"https:\/\/g5transports.ma\/#website","url":"https:\/\/g5transports.ma\/","name":"G5 Transports","description":"La solution pour le transport routier de vos marchandises.","publisher":{"@id":"https:\/\/g5transports.ma\/#organization"},"potentialAction":[{"@type":"SearchAction","target":{"@type":"EntryPoint","urlTemplate":"https:\/\/g5transports.ma\/?s={search_term_string}"},"query-input":{"@type":"PropertyValueSpecification","valueRequired":true,"valueName":"search_term_string"}}],"inLanguage":"fr-FR"},{"@type":"Organization","@id":"https:\/\/g5transports.ma\/#organization","name":"G5 Transports","url":"https:\/\/g5transports.ma\/","logo":{"@type":"ImageObject","inLanguage":"fr-FR","@id":"https:\/\/g5transports.ma\/#\/schema\/logo\/image\/","url":"https:\/\/g5transports.ma\/wp-content\/uploads\/2023\/09\/Logo-1-1.jpg","contentUrl":"https:\/\/g5transports.ma\/wp-content\/uploads\/2023\/09\/Logo-1-1.jpg","width":2000,"height":1500,"caption":"G5 Transports"},"image":{"@id":"https:\/\/g5transports.ma\/#\/schema\/logo\/image\/"}}]}},"amp_enabled":true,"_links":{"self":[{"href":"https:\/\/g5transports.ma\/index.php?rest_route=\/wp\/v2\/pages\/594","targetHints":{"allow":["GET"]}}],"collection":[{"href":"https:\/\/g5transports.ma\/index.php?rest_route=\/wp\/v2\/pages"}],"about":[{"href":"https:\/\/g5transports.ma\/index.php?rest_route=\/wp\/v2\/types\/page"}],"author":[{"embeddable":true,"href":"https:\/\/g5transports.ma\/index.php?rest_route=\/wp\/v2\/users\/1"}],"replies":[{"embeddable":true,"href":"https:\/\/g5transports.ma\/index.php?rest_route=%2Fwp%2Fv2%2Fcomments&post=594"}],"version-history":[{"count":5,"href":"https:\/\/g5transports.ma\/index.php?rest_route=\/wp\/v2\/pages\/594\/revisions"}],"predecessor-version":[{"id":750,"href":"https:\/\/g5transports.ma\/index.php?rest_route=\/wp\/v2\/pages\/594\/revisions\/750"}],"wp:attachment":[{"href":"https:\/\/g5transports.ma\/index.php?rest_route=%2Fwp%2Fv2%2Fmedia&parent=594"}],"curies":[{"name":"wp","href":"https:\/\/api.w.org\/{rel}","templated":true}]}}