{"id":596,"date":"2023-09-18T08:37:25","date_gmt":"2023-09-18T08:37:25","guid":{"rendered":"https:\/\/g5transports.ma\/?page_id=596"},"modified":"2025-02-06T17:04:09","modified_gmt":"2025-02-06T17:04:09","slug":"camion-tautliner","status":"publish","type":"page","link":"https:\/\/g5transports.ma\/?page_id=596","title":{"rendered":"Camion Tautliner"},"content":{"rendered":"\n<h1 class=\"wp-block-heading has-text-align-center gutenify-section-da53a2b0-56ce-11ee-8643-ad4dc65da062 gtfy-1\">Camion Tautliner \u00e0 b\u00e2che<\/h1>\n\n\n\n<hr class=\"wp-block-separator has-alpha-channel-opacity is-style-dots gutenify-section-2801b2c0-56ea-11ee-aa22-955fd8636280 gtfy-4\"\/>\n\n\n\n<p class=\"gutenify-section-85d35c90-56cd-11ee-9a11-ad09287dca9e gtfy-7\"><\/p>\n\n\n\n<h2 class=\"wp-block-heading gutenify-section-bc5dd9e0-56e9-11ee-b745-dd1b20bb106c gtfy-10\">Un v\u00e9hicule con\u00e7u pour affronter les d\u00e9fis de la route.<\/h2>\n\n\n\n<div class=\"wp-block-media-text is-stacked-on-mobile gutenify-section-47c50510-56ce-11ee-91c6-4d839c1193e9 gtfy-14\" style=\"grid-template-columns:44% auto\"><figure class=\"wp-block-media-text__media\"><img fetchpriority=\"high\" decoding=\"async\" width=\"1024\" height=\"465\" src=\"https:\/\/g5transports.ma\/wp-content\/uploads\/2025\/02\/Capture-decran-2025-02-06-a-18.00.27-1-1024x465.png\" alt=\"\" class=\"wp-image-886 size-full\" srcset=\"https:\/\/g5transports.ma\/wp-content\/uploads\/2025\/02\/Capture-decran-2025-02-06-a-18.00.27-1-1024x465.png 1024w, https:\/\/g5transports.ma\/wp-content\/uploads\/2025\/02\/Capture-decran-2025-02-06-a-18.00.27-1-300x136.png 300w, https:\/\/g5transports.ma\/wp-content\/uploads\/2025\/02\/Capture-decran-2025-02-06-a-18.00.27-1-768x349.png 768w, https:\/\/g5transports.ma\/wp-content\/uploads\/2025\/02\/Capture-decran-2025-02-06-a-18.00.27-1-1536x698.png 1536w, https:\/\/g5transports.ma\/wp-content\/uploads\/2025\/02\/Capture-decran-2025-02-06-a-18.00.27-1-2048x931.png 2048w\" sizes=\"(max-width: 1024px) 100vw, 1024px\" \/><\/figure><div class=\"wp-block-media-text__content\">\n<p class=\"gutenify-section-56b94c20-56ce-11ee-91c6-4d839c1193e9 gtfy-13\">C&rsquo;est un genre de poids lourd con\u00e7u sp\u00e9cifiquement pour le transport de marchandises sur la route, \u00e9quip\u00e9 d&rsquo;une caisse en t\u00f4le. Il se distinque des v\u00e9hicules l\u00e9gers par sa capacit\u00e9 \u00e0 transporter des charges par essieu bien plus importantes. Son utilisation principale r\u00e9side dans le transport s\u00e9curis\u00e9 de palettes.<\/p>\n<\/div><\/div>\n\n\n\n<hr class=\"wp-block-separator has-alpha-channel-opacity gutenify-section-821f11b0-56ce-11ee-91c6-4d839c1193e9 gtfy-17\"\/>\n\n\n\n<h2 class=\"wp-block-heading gutenify-section-84d81730-56ce-11ee-91c6-4d839c1193e9 gtfy-20\">Les avantages du fourgon<\/h2>\n\n\n\n<p class=\"gutenify-section-38efd820-ccee-11ef-a0fb-bd0bf67665d6 gtfy-23\"><\/p>\n\n\n\n<ul class=\"wp-block-list gutenify-section-8bf07f30-56ce-11ee-91c6-4d839c1193e9 gtfy-30\">\n<li class=\"gutenify-section-90e80300-56ce-11ee-91c6-4d839c1193e9 gtfy-26 gutenify-list-item\">Une protection maximale de la cargaison en transit.<\/li>\n\n\n\n<li class=\"gutenify-section-90e8c650-56ce-11ee-91c6-4d839c1193e9 gtfy-27 gutenify-list-item\">Sa robuste construction repose sur une solide armature m\u00e9tallique.<\/li>\n\n\n\n<li class=\"gutenify-section-90e96290-56ce-11ee-91c6-4d839c1193e9 gtfy-28 gutenify-list-item\">Il r\u00e9siste \u00e0 toutes les conditions m\u00e9t\u00e9orologiques gr\u00e2ce \u00e0 son caisson \u00e9tanche.<\/li>\n\n\n\n<li class=\"gutenify-section-90ea7400-56ce-11ee-91c6-4d839c1193e9 gtfy-29 gutenify-list-item\">L&rsquo;arrimage de palettes de diff\u00e9rentes tailles \u00e0 l&rsquo;int\u00e9rieur du v\u00e9hicule est simplifi\u00e9.<\/li>\n<\/ul>\n\n\n\n<p class=\"gutenify-section-3b117fa0-ccee-11ef-a0fb-bd0bf67665d6 gtfy-33\"><\/p>\n","protected":false},"excerpt":{"rendered":"<p>Camion Tautliner \u00e0 b\u00e2che Un v\u00e9hicule con\u00e7u pour affronter les d\u00e9fis de la route. C&rsquo;est [&hellip;]<\/p>\n","protected":false},"author":1,"featured_media":609,"parent":0,"menu_order":0,"comment_status":"closed","ping_status":"closed","template":"","meta":{"footnotes":""},"class_list":["post-596","page","type-page","status-publish","has-post-thumbnail","hentry"],"yoast_head":"<!-- This site is optimized with the Yoast SEO plugin v27.4 - https:\/\/yoast.com\/product\/yoast-seo-wordpress\/ -->\n<title>Camion Tautliner - G5 Transports<\/title>\n<meta name=\"robots\" content=\"index, follow, max-snippet:-1, max-image-preview:large, max-video-preview:-1\" \/>\n<link rel=\"canonical\" href=\"https:\/\/g5transports.ma\/?page_id=596\" \/>\n<meta property=\"og:locale\" content=\"fr_FR\" \/>\n<meta property=\"og:type\" content=\"article\" \/>\n<meta property=\"og:title\" content=\"Camion Tautliner - G5 Transports\" \/>\n<meta property=\"og:description\" content=\"Camion Tautliner \u00e0 b\u00e2che Un v\u00e9hicule con\u00e7u pour affronter les d\u00e9fis de la route. C&rsquo;est [&hellip;]\" \/>\n<meta property=\"og:url\" content=\"https:\/\/g5transports.ma\/?page_id=596\" \/>\n<meta property=\"og:site_name\" content=\"G5 Transports\" \/>\n<meta property=\"article:modified_time\" content=\"2025-02-06T17:04:09+00:00\" \/>\n<meta property=\"og:image\" content=\"https:\/\/g5transports.ma\/wp-content\/uploads\/2023\/09\/41353-1.webp\" \/>\n\t<meta property=\"og:image:width\" content=\"1440\" \/>\n\t<meta property=\"og:image:height\" content=\"810\" \/>\n\t<meta property=\"og:image:type\" content=\"image\/webp\" \/>\n<meta name=\"twitter:card\" content=\"summary_large_image\" \/>\n<meta name=\"twitter:label1\" content=\"Dur\u00e9e de lecture estim\u00e9e\" \/>\n\t<meta name=\"twitter:data1\" content=\"1 minute\" \/>\n<script type=\"application\/ld+json\" class=\"yoast-schema-graph\">{\"@context\":\"https:\\\/\\\/schema.org\",\"@graph\":[{\"@type\":\"WebPage\",\"@id\":\"https:\\\/\\\/g5transports.ma\\\/?page_id=596\",\"url\":\"https:\\\/\\\/g5transports.ma\\\/?page_id=596\",\"name\":\"Camion Tautliner - G5 Transports\",\"isPartOf\":{\"@id\":\"https:\\\/\\\/g5transports.ma\\\/#website\"},\"primaryImageOfPage\":{\"@id\":\"https:\\\/\\\/g5transports.ma\\\/?page_id=596#primaryimage\"},\"image\":{\"@id\":\"https:\\\/\\\/g5transports.ma\\\/?page_id=596#primaryimage\"},\"thumbnailUrl\":\"https:\\\/\\\/g5transports.ma\\\/wp-content\\\/uploads\\\/2023\\\/09\\\/41353-1.webp\",\"datePublished\":\"2023-09-18T08:37:25+00:00\",\"dateModified\":\"2025-02-06T17:04:09+00:00\",\"breadcrumb\":{\"@id\":\"https:\\\/\\\/g5transports.ma\\\/?page_id=596#breadcrumb\"},\"inLanguage\":\"fr-FR\",\"potentialAction\":[{\"@type\":\"ReadAction\",\"target\":[\"https:\\\/\\\/g5transports.ma\\\/?page_id=596\"]}]},{\"@type\":\"ImageObject\",\"inLanguage\":\"fr-FR\",\"@id\":\"https:\\\/\\\/g5transports.ma\\\/?page_id=596#primaryimage\",\"url\":\"https:\\\/\\\/g5transports.ma\\\/wp-content\\\/uploads\\\/2023\\\/09\\\/41353-1.webp\",\"contentUrl\":\"https:\\\/\\\/g5transports.ma\\\/wp-content\\\/uploads\\\/2023\\\/09\\\/41353-1.webp\",\"width\":1440,\"height\":810},{\"@type\":\"BreadcrumbList\",\"@id\":\"https:\\\/\\\/g5transports.ma\\\/?page_id=596#breadcrumb\",\"itemListElement\":[{\"@type\":\"ListItem\",\"position\":1,\"name\":\"Accueil\",\"item\":\"https:\\\/\\\/g5transports.ma\\\/\"},{\"@type\":\"ListItem\",\"position\":2,\"name\":\"Camion Tautliner\"}]},{\"@type\":\"WebSite\",\"@id\":\"https:\\\/\\\/g5transports.ma\\\/#website\",\"url\":\"https:\\\/\\\/g5transports.ma\\\/\",\"name\":\"G5 Transports\",\"description\":\"La solution pour le transport routier de vos marchandises.\",\"publisher\":{\"@id\":\"https:\\\/\\\/g5transports.ma\\\/#organization\"},\"potentialAction\":[{\"@type\":\"SearchAction\",\"target\":{\"@type\":\"EntryPoint\",\"urlTemplate\":\"https:\\\/\\\/g5transports.ma\\\/?s={search_term_string}\"},\"query-input\":{\"@type\":\"PropertyValueSpecification\",\"valueRequired\":true,\"valueName\":\"search_term_string\"}}],\"inLanguage\":\"fr-FR\"},{\"@type\":\"Organization\",\"@id\":\"https:\\\/\\\/g5transports.ma\\\/#organization\",\"name\":\"G5 Transports\",\"url\":\"https:\\\/\\\/g5transports.ma\\\/\",\"logo\":{\"@type\":\"ImageObject\",\"inLanguage\":\"fr-FR\",\"@id\":\"https:\\\/\\\/g5transports.ma\\\/#\\\/schema\\\/logo\\\/image\\\/\",\"url\":\"https:\\\/\\\/g5transports.ma\\\/wp-content\\\/uploads\\\/2023\\\/09\\\/Logo-1-1.jpg\",\"contentUrl\":\"https:\\\/\\\/g5transports.ma\\\/wp-content\\\/uploads\\\/2023\\\/09\\\/Logo-1-1.jpg\",\"width\":2000,\"height\":1500,\"caption\":\"G5 Transports\"},\"image\":{\"@id\":\"https:\\\/\\\/g5transports.ma\\\/#\\\/schema\\\/logo\\\/image\\\/\"}}]}<\/script>\n<!-- \/ Yoast SEO plugin. -->","yoast_head_json":{"title":"Camion Tautliner - G5 Transports","robots":{"index":"index","follow":"follow","max-snippet":"max-snippet:-1","max-image-preview":"max-image-preview:large","max-video-preview":"max-video-preview:-1"},"canonical":"https:\/\/g5transports.ma\/?page_id=596","og_locale":"fr_FR","og_type":"article","og_title":"Camion Tautliner - G5 Transports","og_description":"Camion Tautliner \u00e0 b\u00e2che Un v\u00e9hicule con\u00e7u pour affronter les d\u00e9fis de la route. C&rsquo;est [&hellip;]","og_url":"https:\/\/g5transports.ma\/?page_id=596","og_site_name":"G5 Transports","article_modified_time":"2025-02-06T17:04:09+00:00","og_image":[{"width":1440,"height":810,"url":"https:\/\/g5transports.ma\/wp-content\/uploads\/2023\/09\/41353-1.webp","type":"image\/webp"}],"twitter_card":"summary_large_image","twitter_misc":{"Dur\u00e9e de lecture estim\u00e9e":"1 minute"},"schema":{"@context":"https:\/\/schema.org","@graph":[{"@type":"WebPage","@id":"https:\/\/g5transports.ma\/?page_id=596","url":"https:\/\/g5transports.ma\/?page_id=596","name":"Camion Tautliner - G5 Transports","isPartOf":{"@id":"https:\/\/g5transports.ma\/#website"},"primaryImageOfPage":{"@id":"https:\/\/g5transports.ma\/?page_id=596#primaryimage"},"image":{"@id":"https:\/\/g5transports.ma\/?page_id=596#primaryimage"},"thumbnailUrl":"https:\/\/g5transports.ma\/wp-content\/uploads\/2023\/09\/41353-1.webp","datePublished":"2023-09-18T08:37:25+00:00","dateModified":"2025-02-06T17:04:09+00:00","breadcrumb":{"@id":"https:\/\/g5transports.ma\/?page_id=596#breadcrumb"},"inLanguage":"fr-FR","potentialAction":[{"@type":"ReadAction","target":["https:\/\/g5transports.ma\/?page_id=596"]}]},{"@type":"ImageObject","inLanguage":"fr-FR","@id":"https:\/\/g5transports.ma\/?page_id=596#primaryimage","url":"https:\/\/g5transports.ma\/wp-content\/uploads\/2023\/09\/41353-1.webp","contentUrl":"https:\/\/g5transports.ma\/wp-content\/uploads\/2023\/09\/41353-1.webp","width":1440,"height":810},{"@type":"BreadcrumbList","@id":"https:\/\/g5transports.ma\/?page_id=596#breadcrumb","itemListElement":[{"@type":"ListItem","position":1,"name":"Accueil","item":"https:\/\/g5transports.ma\/"},{"@type":"ListItem","position":2,"name":"Camion Tautliner"}]},{"@type":"WebSite","@id":"https:\/\/g5transports.ma\/#website","url":"https:\/\/g5transports.ma\/","name":"G5 Transports","description":"La solution pour le transport routier de vos marchandises.","publisher":{"@id":"https:\/\/g5transports.ma\/#organization"},"potentialAction":[{"@type":"SearchAction","target":{"@type":"EntryPoint","urlTemplate":"https:\/\/g5transports.ma\/?s={search_term_string}"},"query-input":{"@type":"PropertyValueSpecification","valueRequired":true,"valueName":"search_term_string"}}],"inLanguage":"fr-FR"},{"@type":"Organization","@id":"https:\/\/g5transports.ma\/#organization","name":"G5 Transports","url":"https:\/\/g5transports.ma\/","logo":{"@type":"ImageObject","inLanguage":"fr-FR","@id":"https:\/\/g5transports.ma\/#\/schema\/logo\/image\/","url":"https:\/\/g5transports.ma\/wp-content\/uploads\/2023\/09\/Logo-1-1.jpg","contentUrl":"https:\/\/g5transports.ma\/wp-content\/uploads\/2023\/09\/Logo-1-1.jpg","width":2000,"height":1500,"caption":"G5 Transports"},"image":{"@id":"https:\/\/g5transports.ma\/#\/schema\/logo\/image\/"}}]}},"amp_enabled":true,"_links":{"self":[{"href":"https:\/\/g5transports.ma\/index.php?rest_route=\/wp\/v2\/pages\/596","targetHints":{"allow":["GET"]}}],"collection":[{"href":"https:\/\/g5transports.ma\/index.php?rest_route=\/wp\/v2\/pages"}],"about":[{"href":"https:\/\/g5transports.ma\/index.php?rest_route=\/wp\/v2\/types\/page"}],"author":[{"embeddable":true,"href":"https:\/\/g5transports.ma\/index.php?rest_route=\/wp\/v2\/users\/1"}],"replies":[{"embeddable":true,"href":"https:\/\/g5transports.ma\/index.php?rest_route=%2Fwp%2Fv2%2Fcomments&post=596"}],"version-history":[{"count":16,"href":"https:\/\/g5transports.ma\/index.php?rest_route=\/wp\/v2\/pages\/596\/revisions"}],"predecessor-version":[{"id":920,"href":"https:\/\/g5transports.ma\/index.php?rest_route=\/wp\/v2\/pages\/596\/revisions\/920"}],"wp:featuredmedia":[{"embeddable":true,"href":"https:\/\/g5transports.ma\/index.php?rest_route=\/wp\/v2\/media\/609"}],"wp:attachment":[{"href":"https:\/\/g5transports.ma\/index.php?rest_route=%2Fwp%2Fv2%2Fmedia&parent=596"}],"curies":[{"name":"wp","href":"https:\/\/api.w.org\/{rel}","templated":true}]}}