{"id":597,"date":"2023-09-15T10:17:02","date_gmt":"2023-09-15T10:17:02","guid":{"rendered":"https:\/\/g5transports.ma\/?page_id=597"},"modified":"2025-01-07T13:35:05","modified_gmt":"2025-01-07T13:35:05","slug":"camion-citerne","status":"publish","type":"page","link":"https:\/\/g5transports.ma\/?page_id=597","title":{"rendered":"Camion Citerne"},"content":{"rendered":"\n<h1 class=\"wp-block-heading has-text-align-center gutenify-section-339c50e0-56d1-11ee-a13f-4387f3b17f1b gtfy-1\">Camion Citerne<\/h1>\n\n\n\n<p class=\"gutenify-section-9570c0a0-56e8-11ee-9bcb-2b13312b3aa2 gtfy-4\"><\/p>\n\n\n\n<hr class=\"wp-block-separator has-alpha-channel-opacity is-style-dots gutenify-section-19d755f0-56eb-11ee-9a26-17d86f1bab6f gtfy-7\"\/>\n\n\n\n<p class=\"gutenify-section-42b81d20-56d1-11ee-a13f-4387f3b17f1b gtfy-10\"><\/p>\n\n\n\n<h3 class=\"wp-block-heading gutenify-section-74525be0-56e8-11ee-86ba-1b96731867d2 gtfy-13\">Transport d\u2019hydrocarbures par citernes<\/h3>\n\n\n\n<div class=\"wp-block-media-text is-stacked-on-mobile gutenify-section-d15ef740-56e7-11ee-a13f-4387f3b17f1b gtfy-17\" style=\"grid-template-columns:45% auto\"><figure class=\"wp-block-media-text__media\"><img fetchpriority=\"high\" decoding=\"async\" width=\"1024\" height=\"542\" src=\"https:\/\/g5transports.ma\/wp-content\/uploads\/2025\/01\/Capture-decran-2024-12-04-a-13.10.42-1024x542.png\" alt=\"\" class=\"wp-image-847 size-full\" srcset=\"https:\/\/g5transports.ma\/wp-content\/uploads\/2025\/01\/Capture-decran-2024-12-04-a-13.10.42-1024x542.png 1024w, https:\/\/g5transports.ma\/wp-content\/uploads\/2025\/01\/Capture-decran-2024-12-04-a-13.10.42-300x159.png 300w, https:\/\/g5transports.ma\/wp-content\/uploads\/2025\/01\/Capture-decran-2024-12-04-a-13.10.42-768x406.png 768w, https:\/\/g5transports.ma\/wp-content\/uploads\/2025\/01\/Capture-decran-2024-12-04-a-13.10.42-1536x813.png 1536w, https:\/\/g5transports.ma\/wp-content\/uploads\/2025\/01\/Capture-decran-2024-12-04-a-13.10.42.png 1996w\" sizes=\"(max-width: 1024px) 100vw, 1024px\" \/><\/figure><div class=\"wp-block-media-text__content\">\n<p class=\"gutenify-section-cc09a690-56e8-11ee-a3b1-6715fcd207ae gtfy-16\"><mark style=\"background-color:rgba(0, 0, 0, 0)\" class=\"has-inline-color has-foreground-color\">Nos semi-remorques citernes, con\u00e7ues pour le transport d&rsquo;hydrocarbures, ont une capacit\u00e9 de 15 \u00e0 35 m3 et sont fabriqu\u00e9es en alliage. Nous maintenons et renouvelons r\u00e9guli\u00e8rement notre flotte conform\u00e9ment aux normes les plus strictes pour garantir une s\u00e9curit\u00e9 maximale. Nos camions citernes circulent sur des routes exigeantes, qu&rsquo;elles soient tr\u00e8s fr\u00e9quent\u00e9es ou en montagne, \u00e9t\u00e9 comme hiver. Nos conducteurs sont hautement exp\u00e9riment\u00e9s et comp\u00e9tents pour faire face \u00e0 toutes les conditions climatiques.&nbsp;<\/mark><\/p>\n<\/div><\/div>\n\n\n\n<hr class=\"wp-block-separator has-alpha-channel-opacity gutenify-section-ffa4f960-56e7-11ee-a13f-4387f3b17f1b gtfy-20\"\/>\n\n\n\n<p class=\"gutenify-section-f0535aa0-56e8-11ee-a3b1-6715fcd207ae gtfy-23\"><mark style=\"background-color:rgba(0, 0, 0, 0)\" class=\"has-inline-color has-body-text-color\">En raison des caract\u00e9ristiques g\u00e9ographiques, climatiques et d\u00e9mographiques sp\u00e9cifiques de notre r\u00e9gion, la s\u00e9curit\u00e9 et la formation de nos collaborateurs occupent une place centrale dans nos pr\u00e9occupations. Nous avons mis en place des programmes de formation conformes \u00e0 des normes et \u00e0 un cahier des charges tr\u00e8s rigoureux, ax\u00e9s sur la pr\u00e9vention des risques.<\/mark><\/p>\n","protected":false},"excerpt":{"rendered":"<p>Camion Citerne Transport d\u2019hydrocarbures par citernes Nos semi-remorques citernes, con\u00e7ues pour le transport d&rsquo;hydrocarbures, ont [&hellip;]<\/p>\n","protected":false},"author":1,"featured_media":0,"parent":406,"menu_order":0,"comment_status":"closed","ping_status":"closed","template":"","meta":{"footnotes":""},"class_list":["post-597","page","type-page","status-publish","hentry"],"yoast_head":"<!-- This site is optimized with the Yoast SEO plugin v27.4 - https:\/\/yoast.com\/product\/yoast-seo-wordpress\/ -->\n<title>Camion Citerne - G5 Transports<\/title>\n<meta name=\"robots\" content=\"index, follow, max-snippet:-1, max-image-preview:large, max-video-preview:-1\" \/>\n<link rel=\"canonical\" href=\"https:\/\/g5transports.ma\/?page_id=597\" \/>\n<meta property=\"og:locale\" content=\"fr_FR\" \/>\n<meta property=\"og:type\" content=\"article\" \/>\n<meta property=\"og:title\" content=\"Camion Citerne - G5 Transports\" \/>\n<meta property=\"og:description\" content=\"Camion Citerne Transport d\u2019hydrocarbures par citernes Nos semi-remorques citernes, con\u00e7ues pour le transport d&rsquo;hydrocarbures, ont [&hellip;]\" \/>\n<meta property=\"og:url\" content=\"https:\/\/g5transports.ma\/?page_id=597\" \/>\n<meta property=\"og:site_name\" content=\"G5 Transports\" \/>\n<meta property=\"article:modified_time\" content=\"2025-01-07T13:35:05+00:00\" \/>\n<meta property=\"og:image\" content=\"https:\/\/g5transports.ma\/wp-content\/uploads\/2025\/01\/Capture-decran-2024-12-04-a-13.10.42-1024x542.png\" \/>\n\t<meta property=\"og:image:width\" content=\"1024\" \/>\n\t<meta property=\"og:image:height\" content=\"542\" \/>\n\t<meta property=\"og:image:type\" content=\"image\/png\" \/>\n<meta name=\"twitter:card\" content=\"summary_large_image\" \/>\n<meta name=\"twitter:label1\" content=\"Dur\u00e9e de lecture estim\u00e9e\" \/>\n\t<meta name=\"twitter:data1\" content=\"1 minute\" \/>\n<script type=\"application\/ld+json\" class=\"yoast-schema-graph\">{\"@context\":\"https:\\\/\\\/schema.org\",\"@graph\":[{\"@type\":\"WebPage\",\"@id\":\"https:\\\/\\\/g5transports.ma\\\/?page_id=597\",\"url\":\"https:\\\/\\\/g5transports.ma\\\/?page_id=597\",\"name\":\"Camion Citerne - G5 Transports\",\"isPartOf\":{\"@id\":\"https:\\\/\\\/g5transports.ma\\\/#website\"},\"primaryImageOfPage\":{\"@id\":\"https:\\\/\\\/g5transports.ma\\\/?page_id=597#primaryimage\"},\"image\":{\"@id\":\"https:\\\/\\\/g5transports.ma\\\/?page_id=597#primaryimage\"},\"thumbnailUrl\":\"https:\\\/\\\/g5transports.ma\\\/wp-content\\\/uploads\\\/2025\\\/01\\\/Capture-decran-2024-12-04-a-13.10.42-1024x542.png\",\"datePublished\":\"2023-09-15T10:17:02+00:00\",\"dateModified\":\"2025-01-07T13:35:05+00:00\",\"breadcrumb\":{\"@id\":\"https:\\\/\\\/g5transports.ma\\\/?page_id=597#breadcrumb\"},\"inLanguage\":\"fr-FR\",\"potentialAction\":[{\"@type\":\"ReadAction\",\"target\":[\"https:\\\/\\\/g5transports.ma\\\/?page_id=597\"]}]},{\"@type\":\"ImageObject\",\"inLanguage\":\"fr-FR\",\"@id\":\"https:\\\/\\\/g5transports.ma\\\/?page_id=597#primaryimage\",\"url\":\"https:\\\/\\\/g5transports.ma\\\/wp-content\\\/uploads\\\/2025\\\/01\\\/Capture-decran-2024-12-04-a-13.10.42.png\",\"contentUrl\":\"https:\\\/\\\/g5transports.ma\\\/wp-content\\\/uploads\\\/2025\\\/01\\\/Capture-decran-2024-12-04-a-13.10.42.png\",\"width\":1996,\"height\":1056},{\"@type\":\"BreadcrumbList\",\"@id\":\"https:\\\/\\\/g5transports.ma\\\/?page_id=597#breadcrumb\",\"itemListElement\":[{\"@type\":\"ListItem\",\"position\":1,\"name\":\"Accueil\",\"item\":\"https:\\\/\\\/g5transports.ma\\\/\"},{\"@type\":\"ListItem\",\"position\":2,\"name\":\"Moyens\",\"item\":\"https:\\\/\\\/g5transports.ma\\\/?page_id=406\"},{\"@type\":\"ListItem\",\"position\":3,\"name\":\"Camion Citerne\"}]},{\"@type\":\"WebSite\",\"@id\":\"https:\\\/\\\/g5transports.ma\\\/#website\",\"url\":\"https:\\\/\\\/g5transports.ma\\\/\",\"name\":\"G5 Transports\",\"description\":\"La solution pour le transport routier de vos marchandises.\",\"publisher\":{\"@id\":\"https:\\\/\\\/g5transports.ma\\\/#organization\"},\"potentialAction\":[{\"@type\":\"SearchAction\",\"target\":{\"@type\":\"EntryPoint\",\"urlTemplate\":\"https:\\\/\\\/g5transports.ma\\\/?s={search_term_string}\"},\"query-input\":{\"@type\":\"PropertyValueSpecification\",\"valueRequired\":true,\"valueName\":\"search_term_string\"}}],\"inLanguage\":\"fr-FR\"},{\"@type\":\"Organization\",\"@id\":\"https:\\\/\\\/g5transports.ma\\\/#organization\",\"name\":\"G5 Transports\",\"url\":\"https:\\\/\\\/g5transports.ma\\\/\",\"logo\":{\"@type\":\"ImageObject\",\"inLanguage\":\"fr-FR\",\"@id\":\"https:\\\/\\\/g5transports.ma\\\/#\\\/schema\\\/logo\\\/image\\\/\",\"url\":\"https:\\\/\\\/g5transports.ma\\\/wp-content\\\/uploads\\\/2023\\\/09\\\/Logo-1-1.jpg\",\"contentUrl\":\"https:\\\/\\\/g5transports.ma\\\/wp-content\\\/uploads\\\/2023\\\/09\\\/Logo-1-1.jpg\",\"width\":2000,\"height\":1500,\"caption\":\"G5 Transports\"},\"image\":{\"@id\":\"https:\\\/\\\/g5transports.ma\\\/#\\\/schema\\\/logo\\\/image\\\/\"}}]}<\/script>\n<!-- \/ Yoast SEO plugin. -->","yoast_head_json":{"title":"Camion Citerne - G5 Transports","robots":{"index":"index","follow":"follow","max-snippet":"max-snippet:-1","max-image-preview":"max-image-preview:large","max-video-preview":"max-video-preview:-1"},"canonical":"https:\/\/g5transports.ma\/?page_id=597","og_locale":"fr_FR","og_type":"article","og_title":"Camion Citerne - G5 Transports","og_description":"Camion Citerne Transport d\u2019hydrocarbures par citernes Nos semi-remorques citernes, con\u00e7ues pour le transport d&rsquo;hydrocarbures, ont [&hellip;]","og_url":"https:\/\/g5transports.ma\/?page_id=597","og_site_name":"G5 Transports","article_modified_time":"2025-01-07T13:35:05+00:00","og_image":[{"width":1024,"height":542,"url":"https:\/\/g5transports.ma\/wp-content\/uploads\/2025\/01\/Capture-decran-2024-12-04-a-13.10.42-1024x542.png","type":"image\/png"}],"twitter_card":"summary_large_image","twitter_misc":{"Dur\u00e9e de lecture estim\u00e9e":"1 minute"},"schema":{"@context":"https:\/\/schema.org","@graph":[{"@type":"WebPage","@id":"https:\/\/g5transports.ma\/?page_id=597","url":"https:\/\/g5transports.ma\/?page_id=597","name":"Camion Citerne - G5 Transports","isPartOf":{"@id":"https:\/\/g5transports.ma\/#website"},"primaryImageOfPage":{"@id":"https:\/\/g5transports.ma\/?page_id=597#primaryimage"},"image":{"@id":"https:\/\/g5transports.ma\/?page_id=597#primaryimage"},"thumbnailUrl":"https:\/\/g5transports.ma\/wp-content\/uploads\/2025\/01\/Capture-decran-2024-12-04-a-13.10.42-1024x542.png","datePublished":"2023-09-15T10:17:02+00:00","dateModified":"2025-01-07T13:35:05+00:00","breadcrumb":{"@id":"https:\/\/g5transports.ma\/?page_id=597#breadcrumb"},"inLanguage":"fr-FR","potentialAction":[{"@type":"ReadAction","target":["https:\/\/g5transports.ma\/?page_id=597"]}]},{"@type":"ImageObject","inLanguage":"fr-FR","@id":"https:\/\/g5transports.ma\/?page_id=597#primaryimage","url":"https:\/\/g5transports.ma\/wp-content\/uploads\/2025\/01\/Capture-decran-2024-12-04-a-13.10.42.png","contentUrl":"https:\/\/g5transports.ma\/wp-content\/uploads\/2025\/01\/Capture-decran-2024-12-04-a-13.10.42.png","width":1996,"height":1056},{"@type":"BreadcrumbList","@id":"https:\/\/g5transports.ma\/?page_id=597#breadcrumb","itemListElement":[{"@type":"ListItem","position":1,"name":"Accueil","item":"https:\/\/g5transports.ma\/"},{"@type":"ListItem","position":2,"name":"Moyens","item":"https:\/\/g5transports.ma\/?page_id=406"},{"@type":"ListItem","position":3,"name":"Camion Citerne"}]},{"@type":"WebSite","@id":"https:\/\/g5transports.ma\/#website","url":"https:\/\/g5transports.ma\/","name":"G5 Transports","description":"La solution pour le transport routier de vos marchandises.","publisher":{"@id":"https:\/\/g5transports.ma\/#organization"},"potentialAction":[{"@type":"SearchAction","target":{"@type":"EntryPoint","urlTemplate":"https:\/\/g5transports.ma\/?s={search_term_string}"},"query-input":{"@type":"PropertyValueSpecification","valueRequired":true,"valueName":"search_term_string"}}],"inLanguage":"fr-FR"},{"@type":"Organization","@id":"https:\/\/g5transports.ma\/#organization","name":"G5 Transports","url":"https:\/\/g5transports.ma\/","logo":{"@type":"ImageObject","inLanguage":"fr-FR","@id":"https:\/\/g5transports.ma\/#\/schema\/logo\/image\/","url":"https:\/\/g5transports.ma\/wp-content\/uploads\/2023\/09\/Logo-1-1.jpg","contentUrl":"https:\/\/g5transports.ma\/wp-content\/uploads\/2023\/09\/Logo-1-1.jpg","width":2000,"height":1500,"caption":"G5 Transports"},"image":{"@id":"https:\/\/g5transports.ma\/#\/schema\/logo\/image\/"}}]}},"amp_enabled":true,"_links":{"self":[{"href":"https:\/\/g5transports.ma\/index.php?rest_route=\/wp\/v2\/pages\/597","targetHints":{"allow":["GET"]}}],"collection":[{"href":"https:\/\/g5transports.ma\/index.php?rest_route=\/wp\/v2\/pages"}],"about":[{"href":"https:\/\/g5transports.ma\/index.php?rest_route=\/wp\/v2\/types\/page"}],"author":[{"embeddable":true,"href":"https:\/\/g5transports.ma\/index.php?rest_route=\/wp\/v2\/users\/1"}],"replies":[{"embeddable":true,"href":"https:\/\/g5transports.ma\/index.php?rest_route=%2Fwp%2Fv2%2Fcomments&post=597"}],"version-history":[{"count":11,"href":"https:\/\/g5transports.ma\/index.php?rest_route=\/wp\/v2\/pages\/597\/revisions"}],"predecessor-version":[{"id":849,"href":"https:\/\/g5transports.ma\/index.php?rest_route=\/wp\/v2\/pages\/597\/revisions\/849"}],"up":[{"embeddable":true,"href":"https:\/\/g5transports.ma\/index.php?rest_route=\/wp\/v2\/pages\/406"}],"wp:attachment":[{"href":"https:\/\/g5transports.ma\/index.php?rest_route=%2Fwp%2Fv2%2Fmedia&parent=597"}],"curies":[{"name":"wp","href":"https:\/\/api.w.org\/{rel}","templated":true}]}}