{"id":830,"date":"2025-01-07T12:40:41","date_gmt":"2025-01-07T12:40:41","guid":{"rendered":"https:\/\/g5transports.ma\/?page_id=830"},"modified":"2025-01-07T13:36:46","modified_gmt":"2025-01-07T13:36:46","slug":"camion-plateau","status":"publish","type":"page","link":"https:\/\/g5transports.ma\/?page_id=830","title":{"rendered":"Camion Plateau"},"content":{"rendered":"\n<h1 class=\"wp-block-heading has-text-align-center gutenify-section-08516a40-ccf2-11ef-b5c3-ed5b3b50e9a1 gtfy-1\">Camion Plateau<\/h1>\n\n\n\n<hr class=\"wp-block-separator has-alpha-channel-opacity gutenify-section-718d1230-ccf1-11ef-b5c3-ed5b3b50e9a1 gtfy-4\"\/>\n\n\n\n<div class=\"wp-block-group gutenify-section-66b8be30-ccf2-11ef-b5c3-ed5b3b50e9a1 is-layout-constrained wp-block-group-is-layout-constrained gtfy-9\">\n<div class=\"wp-block-media-text is-stacked-on-mobile gutenify-section-b85a91f0-ccf2-11ef-b5c3-ed5b3b50e9a1 gtfy-8\"><figure class=\"wp-block-media-text__media\"><img fetchpriority=\"high\" decoding=\"async\" width=\"1024\" height=\"758\" src=\"https:\/\/g5transports.ma\/wp-content\/uploads\/2025\/01\/Capture-decran-2025-01-06-a-12.59.14-2-1024x758.png\" alt=\"\" class=\"wp-image-832 size-full\" srcset=\"https:\/\/g5transports.ma\/wp-content\/uploads\/2025\/01\/Capture-decran-2025-01-06-a-12.59.14-2-1024x758.png 1024w, https:\/\/g5transports.ma\/wp-content\/uploads\/2025\/01\/Capture-decran-2025-01-06-a-12.59.14-2-300x222.png 300w, https:\/\/g5transports.ma\/wp-content\/uploads\/2025\/01\/Capture-decran-2025-01-06-a-12.59.14-2-768x568.png 768w, https:\/\/g5transports.ma\/wp-content\/uploads\/2025\/01\/Capture-decran-2025-01-06-a-12.59.14-2-1536x1136.png 1536w, https:\/\/g5transports.ma\/wp-content\/uploads\/2025\/01\/Capture-decran-2025-01-06-a-12.59.14-2.png 1576w\" sizes=\"(max-width: 1024px) 100vw, 1024px\" \/><\/figure><div class=\"wp-block-media-text__content\">\n<p class=\"gutenify-section-b862cf50-ccf2-11ef-b5c3-ed5b3b50e9a1 gtfy-7\">Poids lourd con\u00e7u pour le transport de marchandises volumineuses ou encombrantes ne n\u00e9cessitant pas de protection contre les intemp\u00e9ries. Sa structure ouverte et plane offre une grande flexibilit\u00e9 pour le chargement et le d\u00e9chargement. Ce type de v\u00e9hicule est souvent utilis\u00e9 pour le transport de mat\u00e9riaux de construction, de machines ou d&rsquo;\u00e9quipements industriels.<\/p>\n<\/div><\/div>\n<\/div>\n\n\n\n<div class=\"wp-block-group gutenify-section-8a11fe20-ccfa-11ef-b639-1f76acd52616 is-layout-constrained wp-block-group-is-layout-constrained gtfy-13\">\n<div style=\"height:4px\" aria-hidden=\"true\" class=\"wp-block-spacer gutenify-section-8fd47310-ccfa-11ef-b639-1f76acd52616 gtfy-12\"><\/div>\n<\/div>\n\n\n\n<h2 class=\"wp-block-heading gutenify-section-64a35640-ccf3-11ef-b5c3-ed5b3b50e9a1 gtfy-16\">Les avantages du plateau<\/h2>\n\n\n\n<div class=\"wp-block-group gutenify-section-79033b80-ccfa-11ef-b639-1f76acd52616 is-layout-constrained wp-block-group-is-layout-constrained gtfy-20\">\n<div style=\"height:0px\" aria-hidden=\"true\" class=\"wp-block-spacer gutenify-section-9e0f5530-ccfa-11ef-b639-1f76acd52616 gtfy-19\"><\/div>\n<\/div>\n\n\n\n<ul class=\"wp-block-list gutenify-section-e32ea960-ccf3-11ef-b5c3-ed5b3b50e9a1 gtfy-27\">\n<li class=\"gutenify-section-e3277d70-ccf3-11ef-b5c3-ed5b3b50e9a1 gtfy-23 gutenify-list-item\"><strong>Facilit\u00e9 de chargement et de d\u00e9chargement<\/strong>&nbsp;gr\u00e2ce \u00e0 l&rsquo;absence de parois lat\u00e9rales.<\/li>\n\n\n\n<li class=\"gutenify-section-47891f30-ccf4-11ef-b5c3-ed5b3b50e9a1 gtfy-24 gutenify-list-item\"><strong>Capacit\u00e9 \u00e0 transporter des charges de grande longueur<\/strong>&nbsp;ou des formes irr\u00e9guli\u00e8res.<\/li>\n\n\n\n<li class=\"gutenify-section-538de770-ccf4-11ef-b5c3-ed5b3b50e9a1 gtfy-25 gutenify-list-item\"><strong>Polyvalence<\/strong>&nbsp;dans le transport de divers types de marchandises.<\/li>\n\n\n\n<li class=\"gutenify-section-627b50b0-ccf4-11ef-b5c3-ed5b3b50e9a1 gtfy-26 gutenify-list-item\"><strong>Grande capacit\u00e9 de manutention<\/strong>&nbsp;avec des \u00e9quipements comme des grues ou des chariots \u00e9l\u00e9vateurs.<\/li>\n<\/ul>\n\n\n\n<p class=\"gutenify-section-a3b63000-ccf3-11ef-b5c3-ed5b3b50e9a1 gtfy-30\"><\/p>\n\n\n\n<p class=\"gutenify-section-a8d44a70-ccfa-11ef-b639-1f76acd52616 gtfy-33\"><\/p>\n","protected":false},"excerpt":{"rendered":"<p>Camion Plateau Poids lourd con\u00e7u pour le transport de marchandises volumineuses ou encombrantes ne n\u00e9cessitant [&hellip;]<\/p>\n","protected":false},"author":1,"featured_media":0,"parent":406,"menu_order":0,"comment_status":"closed","ping_status":"closed","template":"","meta":{"footnotes":""},"class_list":["post-830","page","type-page","status-publish","hentry"],"yoast_head":"<!-- This site is optimized with the Yoast SEO plugin v27.4 - https:\/\/yoast.com\/product\/yoast-seo-wordpress\/ -->\n<title>Camion Plateau - G5 Transports<\/title>\n<meta name=\"robots\" content=\"index, follow, max-snippet:-1, max-image-preview:large, max-video-preview:-1\" \/>\n<link rel=\"canonical\" href=\"https:\/\/g5transports.ma\/?page_id=830\" \/>\n<meta property=\"og:locale\" content=\"fr_FR\" \/>\n<meta property=\"og:type\" content=\"article\" \/>\n<meta property=\"og:title\" content=\"Camion Plateau - G5 Transports\" \/>\n<meta property=\"og:description\" content=\"Camion Plateau Poids lourd con\u00e7u pour le transport de marchandises volumineuses ou encombrantes ne n\u00e9cessitant [&hellip;]\" \/>\n<meta property=\"og:url\" content=\"https:\/\/g5transports.ma\/?page_id=830\" \/>\n<meta property=\"og:site_name\" content=\"G5 Transports\" \/>\n<meta property=\"article:modified_time\" content=\"2025-01-07T13:36:46+00:00\" \/>\n<meta property=\"og:image\" content=\"https:\/\/g5transports.ma\/wp-content\/uploads\/2025\/01\/Capture-decran-2025-01-06-a-12.59.14-2-1024x758.png\" \/>\n\t<meta property=\"og:image:width\" content=\"1024\" \/>\n\t<meta property=\"og:image:height\" content=\"758\" \/>\n\t<meta property=\"og:image:type\" content=\"image\/png\" \/>\n<meta name=\"twitter:card\" content=\"summary_large_image\" \/>\n<meta name=\"twitter:label1\" content=\"Dur\u00e9e de lecture estim\u00e9e\" \/>\n\t<meta name=\"twitter:data1\" content=\"1 minute\" \/>\n<script type=\"application\/ld+json\" class=\"yoast-schema-graph\">{\"@context\":\"https:\\\/\\\/schema.org\",\"@graph\":[{\"@type\":\"WebPage\",\"@id\":\"https:\\\/\\\/g5transports.ma\\\/?page_id=830\",\"url\":\"https:\\\/\\\/g5transports.ma\\\/?page_id=830\",\"name\":\"Camion Plateau - G5 Transports\",\"isPartOf\":{\"@id\":\"https:\\\/\\\/g5transports.ma\\\/#website\"},\"primaryImageOfPage\":{\"@id\":\"https:\\\/\\\/g5transports.ma\\\/?page_id=830#primaryimage\"},\"image\":{\"@id\":\"https:\\\/\\\/g5transports.ma\\\/?page_id=830#primaryimage\"},\"thumbnailUrl\":\"https:\\\/\\\/g5transports.ma\\\/wp-content\\\/uploads\\\/2025\\\/01\\\/Capture-decran-2025-01-06-a-12.59.14-2-1024x758.png\",\"datePublished\":\"2025-01-07T12:40:41+00:00\",\"dateModified\":\"2025-01-07T13:36:46+00:00\",\"breadcrumb\":{\"@id\":\"https:\\\/\\\/g5transports.ma\\\/?page_id=830#breadcrumb\"},\"inLanguage\":\"fr-FR\",\"potentialAction\":[{\"@type\":\"ReadAction\",\"target\":[\"https:\\\/\\\/g5transports.ma\\\/?page_id=830\"]}]},{\"@type\":\"ImageObject\",\"inLanguage\":\"fr-FR\",\"@id\":\"https:\\\/\\\/g5transports.ma\\\/?page_id=830#primaryimage\",\"url\":\"https:\\\/\\\/g5transports.ma\\\/wp-content\\\/uploads\\\/2025\\\/01\\\/Capture-decran-2025-01-06-a-12.59.14-2.png\",\"contentUrl\":\"https:\\\/\\\/g5transports.ma\\\/wp-content\\\/uploads\\\/2025\\\/01\\\/Capture-decran-2025-01-06-a-12.59.14-2.png\",\"width\":1576,\"height\":1166},{\"@type\":\"BreadcrumbList\",\"@id\":\"https:\\\/\\\/g5transports.ma\\\/?page_id=830#breadcrumb\",\"itemListElement\":[{\"@type\":\"ListItem\",\"position\":1,\"name\":\"Accueil\",\"item\":\"https:\\\/\\\/g5transports.ma\\\/\"},{\"@type\":\"ListItem\",\"position\":2,\"name\":\"Moyens\",\"item\":\"https:\\\/\\\/g5transports.ma\\\/?page_id=406\"},{\"@type\":\"ListItem\",\"position\":3,\"name\":\"Camion Plateau\"}]},{\"@type\":\"WebSite\",\"@id\":\"https:\\\/\\\/g5transports.ma\\\/#website\",\"url\":\"https:\\\/\\\/g5transports.ma\\\/\",\"name\":\"G5 Transports\",\"description\":\"La solution pour le transport routier de vos marchandises.\",\"publisher\":{\"@id\":\"https:\\\/\\\/g5transports.ma\\\/#organization\"},\"potentialAction\":[{\"@type\":\"SearchAction\",\"target\":{\"@type\":\"EntryPoint\",\"urlTemplate\":\"https:\\\/\\\/g5transports.ma\\\/?s={search_term_string}\"},\"query-input\":{\"@type\":\"PropertyValueSpecification\",\"valueRequired\":true,\"valueName\":\"search_term_string\"}}],\"inLanguage\":\"fr-FR\"},{\"@type\":\"Organization\",\"@id\":\"https:\\\/\\\/g5transports.ma\\\/#organization\",\"name\":\"G5 Transports\",\"url\":\"https:\\\/\\\/g5transports.ma\\\/\",\"logo\":{\"@type\":\"ImageObject\",\"inLanguage\":\"fr-FR\",\"@id\":\"https:\\\/\\\/g5transports.ma\\\/#\\\/schema\\\/logo\\\/image\\\/\",\"url\":\"https:\\\/\\\/g5transports.ma\\\/wp-content\\\/uploads\\\/2023\\\/09\\\/Logo-1-1.jpg\",\"contentUrl\":\"https:\\\/\\\/g5transports.ma\\\/wp-content\\\/uploads\\\/2023\\\/09\\\/Logo-1-1.jpg\",\"width\":2000,\"height\":1500,\"caption\":\"G5 Transports\"},\"image\":{\"@id\":\"https:\\\/\\\/g5transports.ma\\\/#\\\/schema\\\/logo\\\/image\\\/\"}}]}<\/script>\n<!-- \/ Yoast SEO plugin. -->","yoast_head_json":{"title":"Camion Plateau - G5 Transports","robots":{"index":"index","follow":"follow","max-snippet":"max-snippet:-1","max-image-preview":"max-image-preview:large","max-video-preview":"max-video-preview:-1"},"canonical":"https:\/\/g5transports.ma\/?page_id=830","og_locale":"fr_FR","og_type":"article","og_title":"Camion Plateau - G5 Transports","og_description":"Camion Plateau Poids lourd con\u00e7u pour le transport de marchandises volumineuses ou encombrantes ne n\u00e9cessitant [&hellip;]","og_url":"https:\/\/g5transports.ma\/?page_id=830","og_site_name":"G5 Transports","article_modified_time":"2025-01-07T13:36:46+00:00","og_image":[{"width":1024,"height":758,"url":"https:\/\/g5transports.ma\/wp-content\/uploads\/2025\/01\/Capture-decran-2025-01-06-a-12.59.14-2-1024x758.png","type":"image\/png"}],"twitter_card":"summary_large_image","twitter_misc":{"Dur\u00e9e de lecture estim\u00e9e":"1 minute"},"schema":{"@context":"https:\/\/schema.org","@graph":[{"@type":"WebPage","@id":"https:\/\/g5transports.ma\/?page_id=830","url":"https:\/\/g5transports.ma\/?page_id=830","name":"Camion Plateau - G5 Transports","isPartOf":{"@id":"https:\/\/g5transports.ma\/#website"},"primaryImageOfPage":{"@id":"https:\/\/g5transports.ma\/?page_id=830#primaryimage"},"image":{"@id":"https:\/\/g5transports.ma\/?page_id=830#primaryimage"},"thumbnailUrl":"https:\/\/g5transports.ma\/wp-content\/uploads\/2025\/01\/Capture-decran-2025-01-06-a-12.59.14-2-1024x758.png","datePublished":"2025-01-07T12:40:41+00:00","dateModified":"2025-01-07T13:36:46+00:00","breadcrumb":{"@id":"https:\/\/g5transports.ma\/?page_id=830#breadcrumb"},"inLanguage":"fr-FR","potentialAction":[{"@type":"ReadAction","target":["https:\/\/g5transports.ma\/?page_id=830"]}]},{"@type":"ImageObject","inLanguage":"fr-FR","@id":"https:\/\/g5transports.ma\/?page_id=830#primaryimage","url":"https:\/\/g5transports.ma\/wp-content\/uploads\/2025\/01\/Capture-decran-2025-01-06-a-12.59.14-2.png","contentUrl":"https:\/\/g5transports.ma\/wp-content\/uploads\/2025\/01\/Capture-decran-2025-01-06-a-12.59.14-2.png","width":1576,"height":1166},{"@type":"BreadcrumbList","@id":"https:\/\/g5transports.ma\/?page_id=830#breadcrumb","itemListElement":[{"@type":"ListItem","position":1,"name":"Accueil","item":"https:\/\/g5transports.ma\/"},{"@type":"ListItem","position":2,"name":"Moyens","item":"https:\/\/g5transports.ma\/?page_id=406"},{"@type":"ListItem","position":3,"name":"Camion Plateau"}]},{"@type":"WebSite","@id":"https:\/\/g5transports.ma\/#website","url":"https:\/\/g5transports.ma\/","name":"G5 Transports","description":"La solution pour le transport routier de vos marchandises.","publisher":{"@id":"https:\/\/g5transports.ma\/#organization"},"potentialAction":[{"@type":"SearchAction","target":{"@type":"EntryPoint","urlTemplate":"https:\/\/g5transports.ma\/?s={search_term_string}"},"query-input":{"@type":"PropertyValueSpecification","valueRequired":true,"valueName":"search_term_string"}}],"inLanguage":"fr-FR"},{"@type":"Organization","@id":"https:\/\/g5transports.ma\/#organization","name":"G5 Transports","url":"https:\/\/g5transports.ma\/","logo":{"@type":"ImageObject","inLanguage":"fr-FR","@id":"https:\/\/g5transports.ma\/#\/schema\/logo\/image\/","url":"https:\/\/g5transports.ma\/wp-content\/uploads\/2023\/09\/Logo-1-1.jpg","contentUrl":"https:\/\/g5transports.ma\/wp-content\/uploads\/2023\/09\/Logo-1-1.jpg","width":2000,"height":1500,"caption":"G5 Transports"},"image":{"@id":"https:\/\/g5transports.ma\/#\/schema\/logo\/image\/"}}]}},"amp_enabled":true,"_links":{"self":[{"href":"https:\/\/g5transports.ma\/index.php?rest_route=\/wp\/v2\/pages\/830","targetHints":{"allow":["GET"]}}],"collection":[{"href":"https:\/\/g5transports.ma\/index.php?rest_route=\/wp\/v2\/pages"}],"about":[{"href":"https:\/\/g5transports.ma\/index.php?rest_route=\/wp\/v2\/types\/page"}],"author":[{"embeddable":true,"href":"https:\/\/g5transports.ma\/index.php?rest_route=\/wp\/v2\/users\/1"}],"replies":[{"embeddable":true,"href":"https:\/\/g5transports.ma\/index.php?rest_route=%2Fwp%2Fv2%2Fcomments&post=830"}],"version-history":[{"count":4,"href":"https:\/\/g5transports.ma\/index.php?rest_route=\/wp\/v2\/pages\/830\/revisions"}],"predecessor-version":[{"id":850,"href":"https:\/\/g5transports.ma\/index.php?rest_route=\/wp\/v2\/pages\/830\/revisions\/850"}],"up":[{"embeddable":true,"href":"https:\/\/g5transports.ma\/index.php?rest_route=\/wp\/v2\/pages\/406"}],"wp:attachment":[{"href":"https:\/\/g5transports.ma\/index.php?rest_route=%2Fwp%2Fv2%2Fmedia&parent=830"}],"curies":[{"name":"wp","href":"https:\/\/api.w.org\/{rel}","templated":true}]}}