{"id":837,"date":"2025-01-07T13:13:55","date_gmt":"2025-01-07T13:13:55","guid":{"rendered":"https:\/\/g5transports.ma\/?page_id=837"},"modified":"2025-01-07T13:29:41","modified_gmt":"2025-01-07T13:29:41","slug":"camion-traction","status":"publish","type":"page","link":"https:\/\/g5transports.ma\/?page_id=837","title":{"rendered":"Camion Traction"},"content":{"rendered":"\n<h1 class=\"wp-block-heading has-text-align-center gutenify-section-a2c64a60-ccf6-11ef-93c6-61c946a34516 gtfy-1\">Pour tous vos besoins en traction<\/h1>\n\n\n\n<hr class=\"wp-block-separator has-alpha-channel-opacity gutenify-section-000dfd80-ccf7-11ef-93c6-61c946a34516 gtfy-4\"\/>\n\n\n\n<div class=\"wp-block-group gutenify-section-6ab37930-ccf7-11ef-93c6-61c946a34516 is-layout-constrained wp-block-group-is-layout-constrained gtfy-14\">\n<div class=\"wp-block-media-text is-stacked-on-mobile gutenify-section-980bbff0-ccf7-11ef-93c6-61c946a34516 gtfy-9\" style=\"grid-template-columns:38% auto\"><figure class=\"wp-block-media-text__media\"><img fetchpriority=\"high\" decoding=\"async\" width=\"768\" height=\"1024\" src=\"https:\/\/g5transports.ma\/wp-content\/uploads\/2025\/01\/PHOTO-2024-03-19-13-40-08-1-768x1024.jpg\" alt=\"\" class=\"wp-image-838 size-full\" srcset=\"https:\/\/g5transports.ma\/wp-content\/uploads\/2025\/01\/PHOTO-2024-03-19-13-40-08-1-768x1024.jpg 768w, https:\/\/g5transports.ma\/wp-content\/uploads\/2025\/01\/PHOTO-2024-03-19-13-40-08-1-225x300.jpg 225w, https:\/\/g5transports.ma\/wp-content\/uploads\/2025\/01\/PHOTO-2024-03-19-13-40-08-1-1152x1536.jpg 1152w, https:\/\/g5transports.ma\/wp-content\/uploads\/2025\/01\/PHOTO-2024-03-19-13-40-08-1.jpg 1200w\" sizes=\"(max-width: 768px) 100vw, 768px\" \/><\/figure><div class=\"wp-block-media-text__content\">\n<p class=\"gutenify-section-981276b0-ccf7-11ef-93c6-61c946a34516 gtfy-7\">G5 Transports prend en charge tous types de demandes de transport sur des lignes r\u00e9guli\u00e8res en aller-retour pour les entreprises de messagerie et de transport de mono-colis, en proposant des solutions sur-mesure. L\u2019organisation est con\u00e7ue pour s\u2019adapter aux contraintes sp\u00e9cifiques des clients, tout en garantissant le respect strict des horaires et des itin\u00e9raires. <\/p>\n\n\n\n<p class=\"gutenify-section-0e9f4790-ccf8-11ef-93c6-61c946a34516 gtfy-8\">Les conducteurs, form\u00e9s et encadr\u00e9s d\u00e8s la mise en place des lignes, b\u00e9n\u00e9ficient d\u2019un accompagnement continu gr\u00e2ce \u00e0 des formations internes. La priorit\u00e9 de G5 Transports repose sur la satisfaction client, l\u2019excellence, la rigueur et la r\u00e9activit\u00e9.&nbsp;<\/p>\n<\/div><\/div>\n\n\n\n<hr class=\"wp-block-separator has-alpha-channel-opacity gutenify-section-a369cb70-ccf8-11ef-93c6-61c946a34516 gtfy-10\"\/>\n\n\n\n<h2 class=\"wp-block-heading gutenify-section-b3fbbcf0-ccf8-11ef-93c6-61c946a34516 gtfy-11\">Des r\u00e9ponses sur-mesure<\/h2>\n\n\n\n<p class=\"gutenify-section-d2b110f0-ccf8-11ef-93c6-61c946a34516 gtfy-12\">En fonction des besoins, des contraintes d\u2019infrastructures ou de quais de chargement par exemple, le transport en semi-remorque peut \u00eatre plus adapt\u00e9. Nous analysons minutieusement les besoins logistiques de nos clients, en prenant en compte des param\u00e8tres tels que la nature des marchandises, la fr\u00e9quence des rotations, la hauteur des quais ou encore les dimensions des zones de chargement. <\/p>\n\n\n\n<p class=\"gutenify-section-34685330-ccf9-11ef-93c6-61c946a34516 gtfy-13\">Gr\u00e2ce \u00e0 notre expertise et \u00e0 notre flotte vari\u00e9e, nous proposons une solution sur-mesure qui garantit une efficacit\u00e9 maximale, tout en respectant les contraintes techniques et op\u00e9rationnelles de chaque site.<\/p>\n<\/div>\n","protected":false},"excerpt":{"rendered":"<p>Pour tous vos besoins en traction G5 Transports prend en charge tous types de demandes [&hellip;]<\/p>\n","protected":false},"author":1,"featured_media":0,"parent":0,"menu_order":0,"comment_status":"closed","ping_status":"closed","template":"","meta":{"footnotes":""},"class_list":["post-837","page","type-page","status-publish","hentry"],"yoast_head":"<!-- This site is optimized with the Yoast SEO plugin v27.4 - https:\/\/yoast.com\/product\/yoast-seo-wordpress\/ -->\n<title>Camion Traction - G5 Transports<\/title>\n<meta name=\"robots\" content=\"index, follow, max-snippet:-1, max-image-preview:large, max-video-preview:-1\" \/>\n<link rel=\"canonical\" href=\"https:\/\/g5transports.ma\/?page_id=837\" \/>\n<meta property=\"og:locale\" content=\"fr_FR\" \/>\n<meta property=\"og:type\" content=\"article\" \/>\n<meta property=\"og:title\" content=\"Camion Traction - G5 Transports\" \/>\n<meta property=\"og:description\" content=\"Pour tous vos besoins en traction G5 Transports prend en charge tous types de demandes [&hellip;]\" \/>\n<meta property=\"og:url\" content=\"https:\/\/g5transports.ma\/?page_id=837\" \/>\n<meta property=\"og:site_name\" content=\"G5 Transports\" \/>\n<meta property=\"article:modified_time\" content=\"2025-01-07T13:29:41+00:00\" \/>\n<meta property=\"og:image\" content=\"https:\/\/g5transports.ma\/wp-content\/uploads\/2025\/01\/PHOTO-2024-03-19-13-40-08-1.jpg\" \/>\n\t<meta property=\"og:image:width\" content=\"1200\" \/>\n\t<meta property=\"og:image:height\" content=\"1600\" \/>\n\t<meta property=\"og:image:type\" content=\"image\/jpeg\" \/>\n<meta name=\"twitter:card\" content=\"summary_large_image\" \/>\n<meta name=\"twitter:label1\" content=\"Dur\u00e9e de lecture estim\u00e9e\" \/>\n\t<meta name=\"twitter:data1\" content=\"2 minutes\" \/>\n<script type=\"application\/ld+json\" class=\"yoast-schema-graph\">{\"@context\":\"https:\\\/\\\/schema.org\",\"@graph\":[{\"@type\":\"WebPage\",\"@id\":\"https:\\\/\\\/g5transports.ma\\\/?page_id=837\",\"url\":\"https:\\\/\\\/g5transports.ma\\\/?page_id=837\",\"name\":\"Camion Traction - G5 Transports\",\"isPartOf\":{\"@id\":\"https:\\\/\\\/g5transports.ma\\\/#website\"},\"primaryImageOfPage\":{\"@id\":\"https:\\\/\\\/g5transports.ma\\\/?page_id=837#primaryimage\"},\"image\":{\"@id\":\"https:\\\/\\\/g5transports.ma\\\/?page_id=837#primaryimage\"},\"thumbnailUrl\":\"https:\\\/\\\/g5transports.ma\\\/wp-content\\\/uploads\\\/2025\\\/01\\\/PHOTO-2024-03-19-13-40-08-1-768x1024.jpg\",\"datePublished\":\"2025-01-07T13:13:55+00:00\",\"dateModified\":\"2025-01-07T13:29:41+00:00\",\"breadcrumb\":{\"@id\":\"https:\\\/\\\/g5transports.ma\\\/?page_id=837#breadcrumb\"},\"inLanguage\":\"fr-FR\",\"potentialAction\":[{\"@type\":\"ReadAction\",\"target\":[\"https:\\\/\\\/g5transports.ma\\\/?page_id=837\"]}]},{\"@type\":\"ImageObject\",\"inLanguage\":\"fr-FR\",\"@id\":\"https:\\\/\\\/g5transports.ma\\\/?page_id=837#primaryimage\",\"url\":\"https:\\\/\\\/g5transports.ma\\\/wp-content\\\/uploads\\\/2025\\\/01\\\/PHOTO-2024-03-19-13-40-08-1.jpg\",\"contentUrl\":\"https:\\\/\\\/g5transports.ma\\\/wp-content\\\/uploads\\\/2025\\\/01\\\/PHOTO-2024-03-19-13-40-08-1.jpg\",\"width\":1200,\"height\":1600},{\"@type\":\"BreadcrumbList\",\"@id\":\"https:\\\/\\\/g5transports.ma\\\/?page_id=837#breadcrumb\",\"itemListElement\":[{\"@type\":\"ListItem\",\"position\":1,\"name\":\"Accueil\",\"item\":\"https:\\\/\\\/g5transports.ma\\\/\"},{\"@type\":\"ListItem\",\"position\":2,\"name\":\"Camion Traction\"}]},{\"@type\":\"WebSite\",\"@id\":\"https:\\\/\\\/g5transports.ma\\\/#website\",\"url\":\"https:\\\/\\\/g5transports.ma\\\/\",\"name\":\"G5 Transports\",\"description\":\"La solution pour le transport routier de vos marchandises.\",\"publisher\":{\"@id\":\"https:\\\/\\\/g5transports.ma\\\/#organization\"},\"potentialAction\":[{\"@type\":\"SearchAction\",\"target\":{\"@type\":\"EntryPoint\",\"urlTemplate\":\"https:\\\/\\\/g5transports.ma\\\/?s={search_term_string}\"},\"query-input\":{\"@type\":\"PropertyValueSpecification\",\"valueRequired\":true,\"valueName\":\"search_term_string\"}}],\"inLanguage\":\"fr-FR\"},{\"@type\":\"Organization\",\"@id\":\"https:\\\/\\\/g5transports.ma\\\/#organization\",\"name\":\"G5 Transports\",\"url\":\"https:\\\/\\\/g5transports.ma\\\/\",\"logo\":{\"@type\":\"ImageObject\",\"inLanguage\":\"fr-FR\",\"@id\":\"https:\\\/\\\/g5transports.ma\\\/#\\\/schema\\\/logo\\\/image\\\/\",\"url\":\"https:\\\/\\\/g5transports.ma\\\/wp-content\\\/uploads\\\/2023\\\/09\\\/Logo-1-1.jpg\",\"contentUrl\":\"https:\\\/\\\/g5transports.ma\\\/wp-content\\\/uploads\\\/2023\\\/09\\\/Logo-1-1.jpg\",\"width\":2000,\"height\":1500,\"caption\":\"G5 Transports\"},\"image\":{\"@id\":\"https:\\\/\\\/g5transports.ma\\\/#\\\/schema\\\/logo\\\/image\\\/\"}}]}<\/script>\n<!-- \/ Yoast SEO plugin. -->","yoast_head_json":{"title":"Camion Traction - G5 Transports","robots":{"index":"index","follow":"follow","max-snippet":"max-snippet:-1","max-image-preview":"max-image-preview:large","max-video-preview":"max-video-preview:-1"},"canonical":"https:\/\/g5transports.ma\/?page_id=837","og_locale":"fr_FR","og_type":"article","og_title":"Camion Traction - G5 Transports","og_description":"Pour tous vos besoins en traction G5 Transports prend en charge tous types de demandes [&hellip;]","og_url":"https:\/\/g5transports.ma\/?page_id=837","og_site_name":"G5 Transports","article_modified_time":"2025-01-07T13:29:41+00:00","og_image":[{"width":1200,"height":1600,"url":"https:\/\/g5transports.ma\/wp-content\/uploads\/2025\/01\/PHOTO-2024-03-19-13-40-08-1.jpg","type":"image\/jpeg"}],"twitter_card":"summary_large_image","twitter_misc":{"Dur\u00e9e de lecture estim\u00e9e":"2 minutes"},"schema":{"@context":"https:\/\/schema.org","@graph":[{"@type":"WebPage","@id":"https:\/\/g5transports.ma\/?page_id=837","url":"https:\/\/g5transports.ma\/?page_id=837","name":"Camion Traction - G5 Transports","isPartOf":{"@id":"https:\/\/g5transports.ma\/#website"},"primaryImageOfPage":{"@id":"https:\/\/g5transports.ma\/?page_id=837#primaryimage"},"image":{"@id":"https:\/\/g5transports.ma\/?page_id=837#primaryimage"},"thumbnailUrl":"https:\/\/g5transports.ma\/wp-content\/uploads\/2025\/01\/PHOTO-2024-03-19-13-40-08-1-768x1024.jpg","datePublished":"2025-01-07T13:13:55+00:00","dateModified":"2025-01-07T13:29:41+00:00","breadcrumb":{"@id":"https:\/\/g5transports.ma\/?page_id=837#breadcrumb"},"inLanguage":"fr-FR","potentialAction":[{"@type":"ReadAction","target":["https:\/\/g5transports.ma\/?page_id=837"]}]},{"@type":"ImageObject","inLanguage":"fr-FR","@id":"https:\/\/g5transports.ma\/?page_id=837#primaryimage","url":"https:\/\/g5transports.ma\/wp-content\/uploads\/2025\/01\/PHOTO-2024-03-19-13-40-08-1.jpg","contentUrl":"https:\/\/g5transports.ma\/wp-content\/uploads\/2025\/01\/PHOTO-2024-03-19-13-40-08-1.jpg","width":1200,"height":1600},{"@type":"BreadcrumbList","@id":"https:\/\/g5transports.ma\/?page_id=837#breadcrumb","itemListElement":[{"@type":"ListItem","position":1,"name":"Accueil","item":"https:\/\/g5transports.ma\/"},{"@type":"ListItem","position":2,"name":"Camion Traction"}]},{"@type":"WebSite","@id":"https:\/\/g5transports.ma\/#website","url":"https:\/\/g5transports.ma\/","name":"G5 Transports","description":"La solution pour le transport routier de vos marchandises.","publisher":{"@id":"https:\/\/g5transports.ma\/#organization"},"potentialAction":[{"@type":"SearchAction","target":{"@type":"EntryPoint","urlTemplate":"https:\/\/g5transports.ma\/?s={search_term_string}"},"query-input":{"@type":"PropertyValueSpecification","valueRequired":true,"valueName":"search_term_string"}}],"inLanguage":"fr-FR"},{"@type":"Organization","@id":"https:\/\/g5transports.ma\/#organization","name":"G5 Transports","url":"https:\/\/g5transports.ma\/","logo":{"@type":"ImageObject","inLanguage":"fr-FR","@id":"https:\/\/g5transports.ma\/#\/schema\/logo\/image\/","url":"https:\/\/g5transports.ma\/wp-content\/uploads\/2023\/09\/Logo-1-1.jpg","contentUrl":"https:\/\/g5transports.ma\/wp-content\/uploads\/2023\/09\/Logo-1-1.jpg","width":2000,"height":1500,"caption":"G5 Transports"},"image":{"@id":"https:\/\/g5transports.ma\/#\/schema\/logo\/image\/"}}]}},"amp_enabled":true,"_links":{"self":[{"href":"https:\/\/g5transports.ma\/index.php?rest_route=\/wp\/v2\/pages\/837","targetHints":{"allow":["GET"]}}],"collection":[{"href":"https:\/\/g5transports.ma\/index.php?rest_route=\/wp\/v2\/pages"}],"about":[{"href":"https:\/\/g5transports.ma\/index.php?rest_route=\/wp\/v2\/types\/page"}],"author":[{"embeddable":true,"href":"https:\/\/g5transports.ma\/index.php?rest_route=\/wp\/v2\/users\/1"}],"replies":[{"embeddable":true,"href":"https:\/\/g5transports.ma\/index.php?rest_route=%2Fwp%2Fv2%2Fcomments&post=837"}],"version-history":[{"count":2,"href":"https:\/\/g5transports.ma\/index.php?rest_route=\/wp\/v2\/pages\/837\/revisions"}],"predecessor-version":[{"id":846,"href":"https:\/\/g5transports.ma\/index.php?rest_route=\/wp\/v2\/pages\/837\/revisions\/846"}],"wp:attachment":[{"href":"https:\/\/g5transports.ma\/index.php?rest_route=%2Fwp%2Fv2%2Fmedia&parent=837"}],"curies":[{"name":"wp","href":"https:\/\/api.w.org\/{rel}","templated":true}]}}